{"id":8,"date":"2014-05-05T17:29:04","date_gmt":"2014-05-05T17:29:04","guid":{"rendered":"http:\/\/gestaltvida.com\/?page_id=8"},"modified":"2018-10-20T18:45:48","modified_gmt":"2018-10-20T16:45:48","slug":"tallers","status":"publish","type":"page","link":"https:\/\/gestaltvida.com\/ca\/tallers\/","title":{"rendered":"TALLERS"},"content":{"rendered":"<style type=\"text\/css\"> \n#cmsmasters_row_69fb056d67fa4 .cmsmasters_row_outer_parent { \n\tpadding-top: 0px; \n} \n\n#cmsmasters_row_69fb056d67fa4 .cmsmasters_row_outer_parent { \n\tpadding-bottom: 50px; \n} \n\n \n#cmsmasters_row_69fb056d6892f .cmsmasters_row_outer_parent { \n\tpadding-top: 0px; \n} \n\n#cmsmasters_row_69fb056d6892f .cmsmasters_row_outer_parent { \n\tpadding-bottom: 50px; \n} \n\n \n#cmsmasters_row_69fb056d6898b .cmsmasters_row_outer_parent { \n\tpadding-top: 0px; \n} \n\n#cmsmasters_row_69fb056d6898b .cmsmasters_row_outer_parent { \n\tpadding-bottom: 50px; \n} \n\n<\/style><div id=\"cmsmasters_row_69fb056d67fa4\" class=\"cmsmasters_row cmsmasters_color_scheme_default cmsmasters_row_top_default cmsmasters_row_bot_default cmsmasters_row_boxed\">\n<div class=\"cmsmasters_row_outer_parent\">\n<div class=\"cmsmasters_row_outer\">\n<div class=\"cmsmasters_row_inner\">\n<div class=\"cmsmasters_row_margin\">\n<div class=\"cmsmasters_column one_first\">\n<div class=\"cmsmasters_slider\"><script type=\"text\/javascript\">jQuery(function() { _initLayerSlider( '#layerslider_24_1d686w57ris3l', {sliderVersion: '6.1.0', type: 'fullwidth', skin: 'v6', skinsPath: 'https:\/\/gestaltvida.com\/wp-content\/plugins\/LayerSlider\/assets\/static\/layerslider\/skins\/'}); });<\/script><div id=\"layerslider_24_1d686w57ris3l\" class=\"ls-wp-container fitvidsignore\" style=\"width:1920px;height:440px;margin:0 auto;margin-bottom: 0px;\"><div class=\"ls-slide\" data-ls=\"bgposition:50% 100%;duration:6000;kenburnsscale:1.2;\"><img loading=\"lazy\" decoding=\"async\" width=\"1035\" height=\"369\" src=\"https:\/\/gestaltvida.com\/wp-content\/uploads\/2019\/10\/talleres.jpg\" class=\"ls-bg\" alt=\"\" srcset=\"https:\/\/gestaltvida.com\/wp-content\/uploads\/2019\/10\/talleres.jpg 1035w, https:\/\/gestaltvida.com\/wp-content\/uploads\/2019\/10\/talleres-300x107.jpg 300w, https:\/\/gestaltvida.com\/wp-content\/uploads\/2019\/10\/talleres-768x274.jpg 768w, https:\/\/gestaltvida.com\/wp-content\/uploads\/2019\/10\/talleres-1024x365.jpg 1024w, https:\/\/gestaltvida.com\/wp-content\/uploads\/2019\/10\/talleres-580x207.jpg 580w, https:\/\/gestaltvida.com\/wp-content\/uploads\/2019\/10\/talleres-860x307.jpg 860w\" sizes=\"(max-width: 1035px) 100vw, 1035px\" \/><a style=\"\" class=\"ls-l\" href=\"http:\/\/www.gestaltvida.com\/es?page_id=8\" target=\"_self\" data-ls=\"showinfo:1;\"><h2 style=\"text-shadow: 2px 2px 4px #000000;top:141px;left:579px;text-align:initial;font-weight:700;font-style:normal;text-decoration:none;font-size:64px;color:#ffffff;\" class=\"\">TALLERS MONOGR\u00c0FICS<\/h2><\/a><a style=\"\" class=\"ls-l\" href=\"https:\/\/www.gestaltvida.com\/tallers\/\" target=\"_blank\" data-ls=\"showinfo:1;\"><div style=\"text-shadow: 2px 2px 4px #000000;top:70%;left:50%;text-align:initial;font-weight:700;font-style:normal;text-decoration:none;font-size:64px;color:#ffffff;\" class=\"\">Ansietat, Autoestima, Comunicaci\u00f3, Emocions, Pors<\/div><\/a><\/div><\/div><\/div>\n<\/div>\n<\/div>\n<\/div>\n<\/div>\n<\/div>\n<\/div>\n<div id=\"cmsmasters_row_69fb056d6892f\" class=\"cmsmasters_row cmsmasters_color_scheme_default cmsmasters_row_top_default cmsmasters_row_bot_default cmsmasters_row_boxed\">\n<div class=\"cmsmasters_row_outer_parent\">\n<div class=\"cmsmasters_row_outer\">\n<div class=\"cmsmasters_row_inner\">\n<div class=\"cmsmasters_row_margin\">\n<div class=\"cmsmasters_column one_first\">\n<\/div>\n<\/div>\n<\/div>\n<\/div>\n<\/div>\n<\/div>\n<div id=\"cmsmasters_row_69fb056d6898b\" class=\"cmsmasters_row cmsmasters_color_scheme_default cmsmasters_row_top_default cmsmasters_row_bot_default cmsmasters_row_boxed\">\n<div class=\"cmsmasters_row_outer_parent\">\n<div class=\"cmsmasters_row_outer\">\n<div class=\"cmsmasters_row_inner\">\n<div class=\"cmsmasters_row_margin\">\n<div class=\"cmsmasters_column one_first\">\n<div class=\"cmsmasters_wrap_blog entry-summary\" id=\"blog_69fb056d68ada\"><script type=\"text\/javascript\">\n\njQuery(document).ready(function () {\n\n\t(function ($) {\n\n\t\tif ($('#blog_69fb056d68ada').find('article').length == '0') {\n\n\t\t\treturn false;\n\n\t\t}\n\n\t\t\n\n\t\t\n\n\t\tstartBlog( \n\n\t\t\t'69fb056d68ada', \n\n\t\t\t'columns', \n\n\t\t\t'masonry', \n\n\t\t\t'https:\/\/gestaltvida.com\/wp-content\/plugins\/cmsmasters-content-composer\/', \n\n\t\t\t'date', \n\n\t\t\t'DESC', \n\n\t\t\t'8', \n\n\t\t\t'', \n\n\t\t\t'more' \n\n\t\t);\n\n\t} )(jQuery);\n\n} );\n\n<\/script>\n\n<div class=\"blog columns masonry cmsmasters_2\">\n\n\n<!--_________________________ Start Standard Article _________________________ -->\n\n\n\n<article id=\"post-39621\" class=\"cmsmasters_masonry_type post-39621 taller type-taller status-publish hentry category-parella\" data-category=\"parella\" style=\"display: inline-block; margin: -5px; padding: 5px 30px 40px 30px; vertical-align: top;\">\n\n\t<div class=\"cmsmasters_post_cont\">\n\n\t<header class=\"cmsmasters_post_header entry-header\"><h4 class=\"cmsmasters_post_title entry-title\"><a href=\"https:\/\/gestaltvida.com\/ca\/taller\/taller-gratuit-per-a-parelles-en-crisis\/\">Taller gratu\u00eft per a parelles en.. crisis?<\/a><\/h4><\/header><div class=\"cmsmasters_post_content entry-content\">\n<p>On line Taller gratu\u00eft per a parelles en&#8230; crisis? Si sentiu que a la vostre relaci\u00f3 teniu problemes de: Comunicaci\u00f3....<\/p>\n<\/div>\n<footer class=\"cmsmasters_post_footer entry-meta\"><a class=\"cmsmasters_post_read_more button\" href=\"https:\/\/gestaltvida.com\/ca\/taller\/taller-gratuit-per-a-parelles-en-crisis\/\">Read More<\/a><div class=\"cmsmasters_post_footer_info\"><\/div><\/footer>\n\t<\/div>\n\n<\/article>\n\n<!--_________________________ Finish Standard Article _________________________ -->\n\n\n\n\n\n\n<!--_________________________ Start Standard Article _________________________ -->\n\n\n\n<article id=\"post-39525\" class=\"cmsmasters_masonry_type post-39525 taller type-taller status-publish hentry category-tallers-addiccions-catala\" data-category=\"tallers-addiccions-catala\" style=\"display: inline-block; margin: -5px; padding: 5px 30px 40px 30px; vertical-align: top;\">\n\n\t<div class=\"cmsmasters_post_cont\">\n\n\t<header class=\"cmsmasters_post_header entry-header\"><h4 class=\"cmsmasters_post_title entry-title\"><a href=\"https:\/\/gestaltvida.com\/ca\/taller\/terapia-gratuita-per-familiars-i-parelles-de-persones-amb-addiccions-a-vic\/\">Assessorament gratu\u00eft per familiars i parelles de persones amb addiccions a Vic<\/a><\/h4><\/header><div class=\"cmsmasters_post_content entry-content\">\n<p>On line Assessorament\u00a0gratu\u00eft per familiars i parelles de persones amb addiccions Si ets mare, pare o parella d&#8217;una persona adolescent,...<\/p>\n<\/div>\n<footer class=\"cmsmasters_post_footer entry-meta\"><a class=\"cmsmasters_post_read_more button\" href=\"https:\/\/gestaltvida.com\/ca\/taller\/terapia-gratuita-per-familiars-i-parelles-de-persones-amb-addiccions-a-vic\/\">Read More<\/a><div class=\"cmsmasters_post_footer_info\"><\/div><\/footer>\n\t<\/div>\n\n<\/article>\n\n<!--_________________________ Finish Standard Article _________________________ -->\n\n\n\n\n\n\n<!--_________________________ Start Standard Article _________________________ -->\n\n\n\n<article id=\"post-39484\" class=\"cmsmasters_masonry_type post-39484 taller type-taller status-publish hentry category-tallers-addiccions-catala\" data-category=\"tallers-addiccions-catala\" style=\"display: inline-block; margin: -5px; padding: 5px 30px 40px 30px; vertical-align: top;\">\n\n\t<div class=\"cmsmasters_post_cont\">\n\n\t<header class=\"cmsmasters_post_header entry-header\"><h4 class=\"cmsmasters_post_title entry-title\"><a href=\"https:\/\/gestaltvida.com\/ca\/taller\/terapia-gratuita-per-a-familiars-i-parelles-de-persones-amb-addiccions\/\">Assessorament gratu\u00eft per a familiars i parelles de persones amb addiccions.<\/a><\/h4><\/header><div class=\"cmsmasters_post_content entry-content\">\n<p>&nbsp; Assessorament\u00a0gratu\u00eft per familiars i parelles de persones amb addiccions Si ets mare, pare o parella d&#8217;una persona adolescent, jove...<\/p>\n<\/div>\n<footer class=\"cmsmasters_post_footer entry-meta\"><a class=\"cmsmasters_post_read_more button\" href=\"https:\/\/gestaltvida.com\/ca\/taller\/terapia-gratuita-per-a-familiars-i-parelles-de-persones-amb-addiccions\/\">Read More<\/a><div class=\"cmsmasters_post_footer_info\"><\/div><\/footer>\n\t<\/div>\n\n<\/article>\n\n<!--_________________________ Finish Standard Article _________________________ -->\n\n\n\n\n\n\n<!--_________________________ Start Standard Article _________________________ -->\n\n\n\n<article id=\"post-39483\" class=\"cmsmasters_masonry_type post-39483 taller type-taller status-publish hentry category-taller-parelles-catala\" data-category=\"taller-parelles-catala\" style=\"display: inline-block; margin: -5px; padding: 5px 30px 40px 30px; vertical-align: top;\">\n\n\t<div class=\"cmsmasters_post_cont\">\n\n\t<header class=\"cmsmasters_post_header entry-header\"><h4 class=\"cmsmasters_post_title entry-title\"><a href=\"https:\/\/gestaltvida.com\/ca\/taller\/assessoria-gratuita-per-a-parelles-en-crisis\/\">Terapia gratu\u00efta per a parelles en crisis.<\/a><\/h4><\/header><div class=\"cmsmasters_post_content entry-content\">\n<p>Ter\u00e0pia gratu\u00efta per parelles en crisis Si sentiu que la vostre relaci\u00f3 de parella trontolla per &#8230;: Freq\u00fcents discussions, no...<\/p>\n<\/div>\n<footer class=\"cmsmasters_post_footer entry-meta\"><a class=\"cmsmasters_post_read_more button\" href=\"https:\/\/gestaltvida.com\/ca\/taller\/assessoria-gratuita-per-a-parelles-en-crisis\/\">Read More<\/a><div class=\"cmsmasters_post_footer_info\"><\/div><\/footer>\n\t<\/div>\n\n<\/article>\n\n<!--_________________________ Finish Standard Article _________________________ -->\n\n\n\n\n\n\n<!--_________________________ Start Standard Article _________________________ -->\n\n\n\n<article id=\"post-39473\" class=\"cmsmasters_masonry_type post-39473 taller type-taller status-publish hentry\" data-category=\"\" style=\"display: inline-block; margin: -5px; padding: 5px 30px 40px 30px; vertical-align: top;\">\n\n\t<div class=\"cmsmasters_post_cont\">\n\n\t<header class=\"cmsmasters_post_header entry-header\"><h4 class=\"cmsmasters_post_title entry-title\"><a href=\"https:\/\/gestaltvida.com\/ca\/taller\/jornada-on-line-de-terapia-gestalt-gratuita\/\">Jornada on line de Ter\u00e0pia Gestalt gratu\u00efta<\/a><\/h4><\/header><div class=\"cmsmasters_post_content entry-content\">\n<p>On line Jornada de ter\u00e0pia Gestalt gratu\u00efta 1 sessi\u00f3 on line, individual i gratu\u00efta de 45 min. de ter\u00e0pia gestalt...<\/p>\n<\/div>\n<footer class=\"cmsmasters_post_footer entry-meta\"><a class=\"cmsmasters_post_read_more button\" href=\"https:\/\/gestaltvida.com\/ca\/taller\/jornada-on-line-de-terapia-gestalt-gratuita\/\">Read More<\/a><div class=\"cmsmasters_post_footer_info\"><\/div><\/footer>\n\t<\/div>\n\n<\/article>\n\n<!--_________________________ Finish Standard Article _________________________ -->\n\n\n\n\n\n\n<!--_________________________ Start Standard Article _________________________ -->\n\n\n\n<article id=\"post-39472\" class=\"cmsmasters_masonry_type post-39472 taller type-taller status-publish hentry\" data-category=\"\" style=\"display: inline-block; margin: -5px; padding: 5px 30px 40px 30px; vertical-align: top;\">\n\n\t<div class=\"cmsmasters_post_cont\">\n\n\t<header class=\"cmsmasters_post_header entry-header\"><h4 class=\"cmsmasters_post_title entry-title\"><a href=\"https:\/\/gestaltvida.com\/ca\/taller\/trobades-on-line-de-terapia-gestalt\/\">Trobades on line gratu\u00eftes de Terapia Gestalt<\/a><\/h4><\/header><div class=\"cmsmasters_post_content entry-content\">\n<p>On line Trobades gratu\u00eftes de Ter\u00e0pia Gestalt Taller dirigit\u00a0 a persones que tinguin inquietut per sentir-se mes b\u00e9 amb si...<\/p>\n<\/div>\n<footer class=\"cmsmasters_post_footer entry-meta\"><a class=\"cmsmasters_post_read_more button\" href=\"https:\/\/gestaltvida.com\/ca\/taller\/trobades-on-line-de-terapia-gestalt\/\">Read More<\/a><div class=\"cmsmasters_post_footer_info\"><\/div><\/footer>\n\t<\/div>\n\n<\/article>\n\n<!--_________________________ Finish Standard Article _________________________ -->\n\n\n\n\n\n\n<!--_________________________ Start Standard Article _________________________ -->\n\n\n\n<article id=\"post-39468\" class=\"cmsmasters_masonry_type post-39468 taller type-taller status-publish hentry category-tallers-addiccions-catala\" data-category=\"tallers-addiccions-catala\" style=\"display: inline-block; margin: -5px; padding: 5px 30px 40px 30px; vertical-align: top;\">\n\n\t<div class=\"cmsmasters_post_cont\">\n\n\t<header class=\"cmsmasters_post_header entry-header\"><h4 class=\"cmsmasters_post_title entry-title\"><a href=\"https:\/\/gestaltvida.com\/ca\/taller\/jornada-de-terapia-gestalt-gratuita-per-a-familiars-i-parelles-de-persones-amb-addiccions\/\">Jornada de ter\u00e0pia Gestalt gratu\u00efta per a familiars i parelles de persones amb addiccions.<\/a><\/h4><\/header><div class=\"cmsmasters_post_content entry-content\">\n<p>On line Jornada de ter\u00e0pia Gestalt gratu\u00efta per a mares, pares i parelles de persones amb addiccions. Si\u00a0 ets mare,...<\/p>\n<\/div>\n<footer class=\"cmsmasters_post_footer entry-meta\"><a class=\"cmsmasters_post_read_more button\" href=\"https:\/\/gestaltvida.com\/ca\/taller\/jornada-de-terapia-gestalt-gratuita-per-a-familiars-i-parelles-de-persones-amb-addiccions\/\">Read More<\/a><div class=\"cmsmasters_post_footer_info\"><\/div><\/footer>\n\t<\/div>\n\n<\/article>\n\n<!--_________________________ Finish Standard Article _________________________ -->\n\n\n\n\n\n\n<!--_________________________ Start Standard Article _________________________ -->\n\n\n\n<article id=\"post-39431\" class=\"cmsmasters_masonry_type post-39431 taller type-taller status-publish hentry category-talleres-monoparentals-catala-ca\" data-category=\"talleres-monoparentals-catala-ca\" style=\"display: inline-block; margin: -5px; padding: 5px 30px 40px 30px; vertical-align: top;\">\n\n\t<div class=\"cmsmasters_post_cont\">\n\n\t<header class=\"cmsmasters_post_header entry-header\"><h4 class=\"cmsmasters_post_title entry-title\"><a href=\"https:\/\/gestaltvida.com\/ca\/taller\/jornada-dassessoria-terapeutica-per-a-mares-monoparentals-separades-divorciades\/\">Jornada de ter\u00e0pia Gestalt on line gratu\u00efta per a mares monoparentals, separades, divorciades.<\/a><\/h4><\/header><div class=\"cmsmasters_post_content entry-content\">\n<p>On line Jornada de ter\u00e0pia Gestalt gratu\u00efta per a mares monoparentals, separades, divorciades. Com a mare en situaci\u00f3 monoparental \u00e9s...<\/p>\n<\/div>\n<footer class=\"cmsmasters_post_footer entry-meta\"><a class=\"cmsmasters_post_read_more button\" href=\"https:\/\/gestaltvida.com\/ca\/taller\/jornada-dassessoria-terapeutica-per-a-mares-monoparentals-separades-divorciades\/\">Read More<\/a><div class=\"cmsmasters_post_footer_info\"><\/div><\/footer>\n\t<\/div>\n\n<\/article>\n\n<!--_________________________ Finish Standard Article _________________________ -->\n\n\n\n<\/div><div class=\"cmsmasters_wrap_more_posts cmsmasters_wrap_more_items\"><div class=\"cmsmasters_wrap_pagination\"><ul class='page-numbers'>\n\t<li><span aria-current=\"page\" class=\"page-numbers current\">1<\/span><\/li>\n\t<li><a class=\"page-numbers\" href=\"https:\/\/gestaltvida.com\/ca\/wp-json\/wp\/v2\/pages\/8\/page\/2\/\">2<\/a><\/li>\n\t<li><a class=\"page-numbers\" href=\"https:\/\/gestaltvida.com\/ca\/wp-json\/wp\/v2\/pages\/8\/page\/3\/\">3<\/a><\/li>\n\t<li><a class=\"page-numbers\" href=\"https:\/\/gestaltvida.com\/ca\/wp-json\/wp\/v2\/pages\/8\/page\/4\/\">4<\/a><\/li>\n\t<li><a class=\"next page-numbers\" href=\"https:\/\/gestaltvida.com\/ca\/wp-json\/wp\/v2\/pages\/8\/page\/2\/\"><span class=\"cmsmasters_theme_icon_slide_next\"><\/span><\/a><\/li>\n<\/ul>\n<\/div><\/div><\/div>\n<\/div>\n<\/div>\n<\/div>\n<\/div>\n<\/div>\n<\/div>\n\n","protected":false},"excerpt":{"rendered":"<p>[:ca]<\/p>\n<h3>Desbloqueja tensions, Gestiona emocions!<\/h3>\n<p>Gesti\u00f3 de conflictes &#8211; Equilibri emocional &#8211; Bioenerg\u00e8tica &#8211; Meditaci\u00f3 &#8211; Grup de creixement personal<br \/>\n<a class=\"booking\" href=\"https:\/\/gestaltvida.com\/talleres\/\" title=\"Reserva Online\"><span>M&#8217;hi apunto!<\/span><\/a>[:es]<\/p>\n<h3>\u00a1Desbloquea tensiones, Gestiona emociones!<\/h3>\n<p>Gesti\u00f3n de conflictos &#8211; Equilibrio emocional &#8211; Bioenerg\u00e9tica &#8211; Meditaci\u00f3n &#8211; Grupo de crecimiento personal<br \/>\n<a class=\"booking\" href=\"https:\/\/gestaltvida.com\/es\/talleres\/\" title=\"Reserva Online\"><span>\u00a1Me apunto!<\/span><\/a>[:]<\/p>\n","protected":false},"author":3,"featured_media":0,"parent":0,"menu_order":3,"comment_status":"closed","ping_status":"open","template":"","meta":{"footnotes":""},"_links":{"self":[{"href":"https:\/\/gestaltvida.com\/ca\/wp-json\/wp\/v2\/pages\/8"}],"collection":[{"href":"https:\/\/gestaltvida.com\/ca\/wp-json\/wp\/v2\/pages"}],"about":[{"href":"https:\/\/gestaltvida.com\/ca\/wp-json\/wp\/v2\/types\/page"}],"author":[{"embeddable":true,"href":"https:\/\/gestaltvida.com\/ca\/wp-json\/wp\/v2\/users\/3"}],"replies":[{"embeddable":true,"href":"https:\/\/gestaltvida.com\/ca\/wp-json\/wp\/v2\/comments?post=8"}],"version-history":[{"count":0,"href":"https:\/\/gestaltvida.com\/ca\/wp-json\/wp\/v2\/pages\/8\/revisions"}],"wp:attachment":[{"href":"https:\/\/gestaltvida.com\/ca\/wp-json\/wp\/v2\/media?parent=8"}],"curies":[{"name":"wp","href":"https:\/\/api.w.org\/{rel}","templated":true}]}}