{"id":39302,"date":"2020-05-09T23:09:20","date_gmt":"2020-05-09T21:09:20","guid":{"rendered":"https:\/\/gestaltvida.com\/?page_id=39302"},"modified":"2020-05-16T18:56:54","modified_gmt":"2020-05-16T16:56:54","slug":"landing-adolescents","status":"publish","type":"page","link":"https:\/\/gestaltvida.com\/ca\/landing-adolescents\/","title":{"rendered":"landing Adolescents"},"content":{"rendered":"<style type=\"text\/css\"> \n#cmsmasters_row_69e1fcc3cade9 .cmsmasters_row_outer_parent { \n\tpadding-top: 0px; \n} \n\n#cmsmasters_row_69e1fcc3cade9 .cmsmasters_row_outer_parent { \n\tpadding-bottom: 50px; \n} \n\n \n#cmsmasters_row_69e1fcc3d229a .cmsmasters_row_outer_parent { \n\tpadding-top: 0px; \n} \n\n#cmsmasters_row_69e1fcc3d229a .cmsmasters_row_outer_parent { \n\tpadding-bottom: 50px; \n} \n\n<\/style><div id=\"cmsmasters_row_69e1fcc3cade9\" class=\"cmsmasters_row cmsmasters_color_scheme_default cmsmasters_row_top_default cmsmasters_row_bot_default cmsmasters_row_boxed\">\n<div class=\"cmsmasters_row_outer_parent\">\n<div class=\"cmsmasters_row_outer\">\n<div class=\"cmsmasters_row_inner\">\n<div class=\"cmsmasters_row_margin\">\n<div class=\"cmsmasters_column one_first\">\n<div class=\"cmsmasters_slider\"><script type=\"text\/javascript\">jQuery(function() { _initLayerSlider( '#layerslider_40_7xbje93umci2', {sliderVersion: '6.11.1', type: 'fullwidth', skin: 'v6', skinsPath: 'https:\/\/gestaltvida.com\/wp-content\/plugins\/LayerSlider\/assets\/static\/layerslider\/skins\/'}); });<\/script><div id=\"layerslider_40_7xbje93umci2\" class=\"ls-wp-container fitvidsignore\" style=\"width:1920px;height:540px;margin:0 auto;margin-bottom: 0px;\"><div class=\"ls-slide\" data-ls=\"duration:3000;kenburnsscale:1.2;\"><img loading=\"lazy\" decoding=\"async\" width=\"1440\" height=\"504\" src=\"https:\/\/gestaltvida.com\/wp-content\/uploads\/terapia-gestalt-500.jpg\" class=\"ls-bg\" alt=\"\" srcset=\"https:\/\/gestaltvida.com\/wp-content\/uploads\/terapia-gestalt-500.jpg 1440w, https:\/\/gestaltvida.com\/wp-content\/uploads\/terapia-gestalt-500-300x105.jpg 300w, https:\/\/gestaltvida.com\/wp-content\/uploads\/terapia-gestalt-500-768x269.jpg 768w, https:\/\/gestaltvida.com\/wp-content\/uploads\/terapia-gestalt-500-1024x358.jpg 1024w, https:\/\/gestaltvida.com\/wp-content\/uploads\/terapia-gestalt-500-580x203.jpg 580w, https:\/\/gestaltvida.com\/wp-content\/uploads\/terapia-gestalt-500-860x301.jpg 860w, https:\/\/gestaltvida.com\/wp-content\/uploads\/terapia-gestalt-500-1160x406.jpg 1160w\" sizes=\"(max-width: 1440px) 100vw, 1440px\" \/><a style=\"\" class=\"ls-l ls-hide-phone\" href=\"https:\/\/www.gestaltvida.com\/terapies\/\" target=\"_blank\" data-ls=\"showinfo:1;\"><p style=\"text-shadow: 2px 2px 4px #000000;text-align:initial;font-weight:700;font-style:normal;text-decoration:none;color:#ffffff;font-size:64px;left:312px;top:363px;line-height:72px;\" class=\"\">Si eres madre o padre de un o una adolescente\u2026\n<\/p><\/a><a style=\"\" class=\"ls-l ls-hide-desktop ls-hide-tablet\" href=\"https:\/\/www.gestaltvida.com\/terapies\/\" target=\"_blank\" data-ls=\"showinfo:1;\"><p style=\"text-shadow: 2px 2px 4px #000000;text-align:initial;font-weight:700;font-style:normal;text-decoration:none;color:#ffffff;font-size:129px;left:89px;top:357px;line-height:144px;\" class=\"\">Qu\u00e8 \u00e9s i en qu\u00e8 et pot ajudar\n<\/p><\/a><a style=\"\" class=\"ls-l ls-hide-desktop ls-hide-tablet\" href=\"https:\/\/www.gestaltvida.com\/terapies\/\" target=\"_blank\" data-ls=\"showinfo:1;\"><h2 style=\"text-shadow: 2px 2px 4px #000000;text-align:initial;font-weight:700;font-style:normal;text-decoration:none;color:#ffffff;left:89px;top:11px;font-size:245px;line-height:276px;\" class=\"\">Ter\u00e0pia Gestalt\n<\/h2><\/a><\/div><\/div><\/div>\n<\/div>\n<\/div>\n<\/div>\n<\/div>\n<\/div>\n<\/div>\n<div id=\"cmsmasters_row_69e1fcc3d229a\" class=\"cmsmasters_row cmsmasters_color_scheme_default cmsmasters_row_top_default cmsmasters_row_bot_default cmsmasters_row_boxed\">\n<div class=\"cmsmasters_row_outer_parent\">\n<div class=\"cmsmasters_row_outer\">\n<div class=\"cmsmasters_row_inner\">\n<div class=\"cmsmasters_row_margin\">\n<div class=\"cmsmasters_column one_first\">\n<div class=\"cmsmasters_text\">\n<div style=\"font-family: Verdana, serif;\">\n<p style=\"text-align: center;\"><span style=\"color: #800080; font-size: 35px; font-weight: 400; line-height: 1.3em;\">Que et desafia i amb qui tens problemes de l\u00edmits, comunicaci\u00f3, manca de respecte, consum de porros, addicci\u00f3 a pantalles \u2026<\/span><\/p>\n<div style=\"font-family: Verdana, serif;\">\n<p style=\"text-align: center;\"><span style=\"color: #800080; font-size: 35px; font-weight: 400; line-height: 1.3em;\">Hola, s\u00f3c Artur Canals, t\u2019 acompanyo i et guio a reconduir la situaci\u00f3 i recuperar l\u2019harmonia familiar<\/span><\/p>\n<\/div>\n<\/div>\n<\/div>\n<\/div>\n<\/div>\n<\/div>\n<\/div>\n<\/div>\n<\/div>\n<div id=\"cmsmasters_row_69e1fcc3d23f9\" class=\"cmsmasters_row cmsmasters_color_scheme_default cmsmasters_row_top_default cmsmasters_row_bot_default cmsmasters_row_boxed\">\n<div class=\"cmsmasters_row_outer_parent\">\n<div class=\"cmsmasters_row_outer\">\n<div class=\"cmsmasters_row_inner\">\n<div class=\"cmsmasters_row_margin\">\n<div class=\"cmsmasters_column one_first\">\n<div class=\"cmsmasters_text\">\n<p>&nbsp;<\/p>\n<\/div>\n<\/div>\n<\/div>\n<\/div>\n<\/div>\n<\/div>\n<\/div>\n<div id=\"cmsmasters_row_69e1fcc3d24b0\" class=\"cmsmasters_row cmsmasters_color_scheme_default cmsmasters_row_top_default cmsmasters_row_bot_default cmsmasters_row_boxed\">\n<div class=\"cmsmasters_row_outer_parent\">\n<div class=\"cmsmasters_row_outer\">\n<div class=\"cmsmasters_row_inner\">\n<div class=\"cmsmasters_row_margin\">\n<div class=\"cmsmasters_column one_first\">\n<div class=\"cmsmasters_text\">\n<div style=\"font-family: Verdana, serif; text-indent: 20px;\">\n<p style=\"text-align: center;\"><b>Si el teu fill o filla adolescent&#8230;<\/b><\/p>\n<p><span style=\"font-weight: 400;\">No accepta el &#8220;no&#8221;, et desafia i et respon amb crits, no controla el seu enfado, a vegades arriba a l&#8217;agressi\u00f3 f\u00edsica. <\/span><\/p>\n<p><span style=\"font-weight: 400;\"> S&#8217;a\u00eflla darrere la pantalla de l&#8217;ordinador o el m\u00f2bil davant del qual passa hores interminables que quan vols posar-li fi fa que esclati un conflicte. No ent\u00e9n que el m\u00f3n virtual amaga perills reals d&#8217;addicci\u00f3 i engany. <\/span><\/p>\n<p><span style=\"font-weight: 400;\"> No ajuda a casa i descuida les seves responsabilitats, a vegades els estudis no li interessen ni el\/la motiven, sembla perdut\/a. <\/span><\/p>\n<p><span style=\"font-weight: 400;\"> Consumeix porros i et desesperes davant del perill que aix\u00f2 representa, el seu efecte pot ser molt perjudicial per a la seva salut mental a m\u00e9s a m\u00e9s d&#8217;obrir la porta a drogues m\u00e9s dures. Les companyies inadequades amb les quals comparteix el consum no t&#8217;ho posen f\u00e0cil. <\/span><\/p>\n<p style=\"text-align: center;\"><span style=\"font-weight: 400;\"><strong>I et passa que..<\/strong><\/span><\/p>\n<p style=\"text-align: center;\"><span style=\"font-weight: 400;\"> Et resulta dif\u00edcil conviure amb aquestes situacions i et preocupa, a vegades incl\u00fas t&#8217;angoixa, el seu futur.<\/span><\/p>\n<p style=\"text-align: center;\"><span style=\"font-weight: 400;\">\u00a0I et preguntes,<\/span><b> qu\u00e8 he fet malament?<\/b><\/p>\n<p style=\"text-align: center;\"><b>I sents impot\u00e8ncia, insatisfacci\u00f3, culpa.<\/b><\/p>\n<p>&nbsp;<\/p>\n<p style=\"text-align: center;\"><b>I t\u2019agradaria&#8230;<\/b><\/p>\n<p style=\"text-align: left;\"><b> Poder entendre\u2019t <\/b><span style=\"font-weight: 400;\">amb el teu fill o filla, que acceptes els l\u00edmits de forma tranquil\u00b7la, relacionar-te amb ell o ella de manera flu\u00efda i satisfact\u00f2ria.<\/span><\/p>\n<p style=\"text-align: left;\"><b> Saber portar la situaci\u00f3,<\/b><span style=\"font-weight: 400;\">, tenir eines per no perdre la calma i tindre paci\u00e8ncia, ajudar-lo\/la a qu\u00e8 pugui controlar-se i gestionar el seu malestar. <\/span><\/p>\n<p style=\"text-align: left;\"><b> <\/b><b>Acompanyar-lo\/la i motivar-lo\/la <\/b><span style=\"font-weight: 400;\">a qu\u00e8 entengui que ha de ser responsable, a qu\u00e8 s&#8217;esforci en all\u00f2 que vol i a qu\u00e8 construeixi el seu futur.<\/span><\/p>\n<p style=\"text-align: left;\"><b>Recuperar el vostre benestar <\/b><span style=\"font-weight: 400;\">i conviure amb ell o ella amb tranquil.litat, seguretat, confian\u00e7a.<\/span><\/p>\n<p>&nbsp;<\/p>\n<div style=\"font-family: Verdana, serif;\">\n<p style=\"text-align: center;\"><span style=\"color: #ff6600; font-size: 35px; text-align: center; font-family: Verdana, Arial;\">\u00bfQu\u00e9 t&#8217;ofereixo?&#8230;<\/span><\/p>\n<\/div>\n<div style=\"text-align: center;\"><\/div>\n<p style=\"text-align: center;\"><span style=\"font-weight: 600;\"> Acompanyar-te i guiar-te a assolir el que vols<br \/>\n<\/span><\/p>\n<p style=\"text-align: center;\"><span style=\"font-weight: 400;\">Mitjan\u00e7ant un proc\u00e9s d\u2019assessorament personalitzat obert a la participaci\u00f3 dels teu fill o filla adolescent.<\/span><\/p>\n<p>&nbsp;<\/p>\n<p style=\"text-align: center;\"><span style=\"color: #ff6600; font-size: 35px; font-weight: 400; line-height: 1.3em;\"><span style=\"font-weight: 400;\">Quins passos segueix aquest proc\u00e9s?<\/span>&#8230;<\/span><\/p>\n<h2 style=\"text-align: center;\"><\/h2>\n<ul>\n<li style=\"text-align: center;\"><strong>Estudi de la teva situaci\u00f3 actual i pla de treball.<\/strong><\/li>\n<\/ul>\n<p style=\"text-align: center;\"><span style=\"color: #808080;\"><span style=\"font-weight: 400;\"> Explorem detingudament les situacions de conflicte per determinar quin \u00e9s el problema que resoldrem primer, quins seguiran despr\u00e9s i quins canvis volem assolir. <\/span><\/span><\/p>\n<ul style=\"text-align: center;\">\n<li style=\"text-align: center;\"><strong> <span style=\"font-weight: 400;\"><strong>Revisi\u00f3 de creences i limitacions. <\/strong><\/span><\/strong><\/li>\n<\/ul>\n<p style=\"text-align: center;\"><span style=\"color: #808080;\"><span style=\"font-weight: 400;\"> Sentiment de culpa, pensaments negatius, falses expectatives; conv\u00e9 actualitzar-se en el present i mobilitzar recursos i eines per al canvi en la relaci\u00f3. <\/span><\/span><\/p>\n<ul style=\"text-align: center;\">\n<li style=\"text-align: center;\"><strong>Assaig del canvi.<\/strong><\/li>\n<\/ul>\n<p style=\"text-align: center;\"><span style=\"color: #808080;\"><span style=\"font-weight: 400;\"> Acordarem pautes d&#8217;accions i comunicacions concretes per posar en pr\u00e0ctica a la situaci\u00f3- problema que volem resoldre.<\/span><\/span><\/p>\n<ul style=\"text-align: center;\">\n<li style=\"text-align: center;\"><strong>Feedback i validaci\u00f3 del canvi.<\/strong><\/li>\n<\/ul>\n<p style=\"text-align: center;\"><span style=\"color: #808080;\"><span style=\"font-weight: 400;\"> Si el resultat \u00e9s \u00f2ptim ja hem assolit una pauta valida cap a la teva satisfacci\u00f3 personal i relacional. Si no fos aix\u00ed fem els ajustos pertinents fins a assolir-la.<\/span><\/span><\/p>\n<ul style=\"text-align: center;\">\n<li style=\"text-align: center;\"><strong>Ampliaci\u00f3 del canvi.<\/strong><\/li>\n<\/ul>\n<p style=\"text-align: center;\"><span style=\"color: #808080;\"><span style=\"font-weight: 400;\"> Copiar i enganxar de la pauta treballada a la resta de situacions amb les matitzacions adequades.<\/span>.<\/span><\/p>\n<ul style=\"text-align: center;\">\n<li style=\"text-align: center;\"><strong><strong>Revisi\u00f3 final de resultats i validaci\u00f3.<\/strong><\/strong><\/li>\n<\/ul>\n<p style=\"text-align: center;\"><span style=\"color: #808080;\"><span style=\"font-weight: 400;\"> Revisi\u00f3 i valoraci\u00f3 dels canvis assolits i tancament del proc\u00e9s.<\/span><\/span><\/p>\n<p>&nbsp;<\/p>\n<p style=\"text-align: center;\"><span style=\"color: #ff6600; font-size: 35px; text-align: center; font-family: Verdana, Arial;\">Qui s\u00f3c?&#8230;<\/span><\/p>\n<p>&nbsp;<\/p>\n<p><img loading=\"lazy\" decoding=\"async\" class=\"alignright\" src=\"https:\/\/gestaltvida.com\/wp-content\/uploads\/artur-canals-580x375-580x375.jpg\" alt=\"Artur Canals\" width=\"343\" height=\"222\" \/> Em dic Artur Canals, tinc 57 anys i s\u00f3c pare.<\/p>\n<p>He passat per problemes semblants als que ara tu puguis tenir i he buscat solucions.<\/p>\n<p>Les que m\u00e9s em van servir van ser aquelles que em van oferir les ter\u00e0pies en les quals m&#8217;he format.<\/p>\n<p>Per aix\u00f2 treballo amb elles.<\/p>\n<p>M&#8217;agradaria explicar-te una mica a qu\u00e8 em refereixo quan dic que he passat per problemes semblants als teus.<\/p>\n<p>Veur\u00e0s, la meva filla \u00e9s avui una jove que est\u00e0 recomponent la seva vida despr\u00e9s d&#8217;un deteriorament molt important que es va iniciar a l&#8217;adolesc\u00e8ncia.<\/p>\n<p>All\u00e0 van comen\u00e7ar els problemes de l\u00edmits, manca de comunicaci\u00f3, distanciament, males companyies contactades per les xarxes socials, problemes seriosos amb els estudis i consum de porros.<\/p>\n<p>Fins aqu\u00ed t\u00e9 a veure amb el que et pugui estar passant a tu.<\/p>\n<p>A mi, a m\u00e9s a m\u00e9s, em va tocar viure l&#8217;addici\u00f3 de la meva filla a drogues m\u00e9s dures i la seva malaltia mental.<\/p>\n<p>Per\u00f2 aix\u00f2 \u00e9s un altre hist\u00f2ria.<\/p>\n<p>En aquella \u00e8poca, ja fa uns quants anys, ja em dedicava a l&#8217;acompanyament, primer des del coaching i despr\u00e9s des de la Ter\u00e0pia Gestalt, i la situaci\u00f3 em va afectar personalment.<\/p>\n<p>Per\u00f2 vaig demanar ajuda.\u00a0 \u00a0La necessitava.\u00a0 \u00a0No estava b\u00e9.<\/p>\n<p>Diferents persones amb diferents enfocaments em van acompanyar i vaig recuperar el meu benestar.<\/p>\n<p>Com que la meva professi\u00f3 era l&#8217;acompanyament vaig decidir profunditzar en les ter\u00e0pies i t\u00e8cniques que ja coneixia i formar-me en les noves que havia rebut.<\/p>\n<p>I vaig aprendre molt, d&#8217;all\u00f2 que vaig patir en carn pr\u00f2pia i de les persones que em van ajudar.<\/p>\n<p>A vegades les mares i pares tendim a pensar que l&#8217;adolesc\u00e8ncia \u00e9s una \u00e8poca de rebel\u00b7lia passatgera, recordant com va ser la nostra. Aix\u00f2 pot dificultar-nos demanar ajuda i tendir a postposar o evitar els problemes.<\/p>\n<p>Potser \u00e9s millor passar-se de prudents.<\/p>\n<p>&nbsp;<\/p>\n<p><strong> Formaci\u00f3 en acompanyament:<\/strong><\/p>\n<ul class=\"mestxt\">\n<li>Practicioner i Master en PNL per l&#8217;Institut Autoestima y Canvi<\/li>\n<li>Master en Coaching amb PNL per l&#8217;Institut Integratiu<\/li>\n<li>Terapeuta Gestalt per la Escola Gestalt de Catalunya<\/li>\n<li>Especialista en Relaci\u00f3 de Parella \u2013 Centro Kine de Ter\u00e0pia Familiar<\/li>\n<li>Postgrau en Ter\u00e0pia Breu de Resoluci\u00f3 de Problemes ISBA, Escola de Ter\u00e0pia Familiar Hospital de Sant Pau<\/li>\n<\/ul>\n<p>Als m\u00e9s de 15 anys que porto exercint he fet m\u00e9s de 4000 sessions de treball, centenars d&#8217;hores de supervisi\u00f3 de casos i altres tantes de ter\u00e0pia i coaching rebut en les ter\u00e0pies i t\u00e8cniques amb les que treball.<\/p>\n<div style=\"font-family: Verdana, serif;\">\n<h3 style=\"padding: 100px 0 100px 0; text-align: center;\"><a style=\"text-align: center; padding: 20px 40px; color: #ffffff; font-size: 24px; font-weight: bold; background: #ff9600;\" href=\"https:\/\/gestaltvida.com\/contacte\/\">Contactar<\/a><\/h3>\n<\/div>\n<\/div>\n<\/div>\n<\/div>\n<\/div>\n<\/div>\n<\/div>\n<\/div>\n<\/div>\n<div id=\"cmsmasters_row_69e1fcc3d30eb\" class=\"cmsmasters_row cmsmasters_color_scheme_default cmsmasters_row_top_default cmsmasters_row_bot_default cmsmasters_row_boxed\">\n<div class=\"cmsmasters_row_outer_parent\">\n<div class=\"cmsmasters_row_outer\">\n<div class=\"cmsmasters_row_inner\">\n<div class=\"cmsmasters_row_margin\">\n<div class=\"cmsmasters_column one_first\">\n<div class=\"cmsmasters_text\">\n<p>&nbsp;<\/p>\n<\/div>\n<\/div>\n<\/div>\n<\/div>\n<\/div>\n<\/div>\n<\/div>\n\n","protected":false},"excerpt":{"rendered":"","protected":false},"author":6,"featured_media":0,"parent":0,"menu_order":0,"comment_status":"closed","ping_status":"closed","template":"","meta":{"footnotes":""},"_links":{"self":[{"href":"https:\/\/gestaltvida.com\/ca\/wp-json\/wp\/v2\/pages\/39302"}],"collection":[{"href":"https:\/\/gestaltvida.com\/ca\/wp-json\/wp\/v2\/pages"}],"about":[{"href":"https:\/\/gestaltvida.com\/ca\/wp-json\/wp\/v2\/types\/page"}],"author":[{"embeddable":true,"href":"https:\/\/gestaltvida.com\/ca\/wp-json\/wp\/v2\/users\/6"}],"replies":[{"embeddable":true,"href":"https:\/\/gestaltvida.com\/ca\/wp-json\/wp\/v2\/comments?post=39302"}],"version-history":[{"count":0,"href":"https:\/\/gestaltvida.com\/ca\/wp-json\/wp\/v2\/pages\/39302\/revisions"}],"wp:attachment":[{"href":"https:\/\/gestaltvida.com\/ca\/wp-json\/wp\/v2\/media?parent=39302"}],"curies":[{"name":"wp","href":"https:\/\/api.w.org\/{rel}","templated":true}]}}