{"id":3159,"date":"2017-07-17T11:46:01","date_gmt":"2017-07-17T09:46:01","guid":{"rendered":"http:\/\/entorn.javajan.com\/gestaltvida\/?page_id=3159\/"},"modified":"2017-08-28T16:16:27","modified_gmt":"2017-08-28T14:16:27","slug":"que-es-la-bioenergetica","status":"publish","type":"page","link":"https:\/\/gestaltvida.com\/ca\/que-es-la-bioenergetica\/","title":{"rendered":"Qu\u00e8 \u00e9s la Bioenerg\u00e8tica?"},"content":{"rendered":"<style type=\"text\/css\"> \n#cmsmasters_row_69e5791a5e266 .cmsmasters_row_outer_parent { \n\tpadding-top: 0px; \n} \n\n#cmsmasters_row_69e5791a5e266 .cmsmasters_row_outer_parent { \n\tpadding-bottom: 50px; \n} \n\n<\/style><div id=\"cmsmasters_row_69e5791a5e266\" class=\"cmsmasters_row cmsmasters_color_scheme_default cmsmasters_row_top_default cmsmasters_row_bot_default cmsmasters_row_boxed\">\n<div class=\"cmsmasters_row_outer_parent\">\n<div class=\"cmsmasters_row_outer\">\n<div class=\"cmsmasters_row_inner\">\n<div class=\"cmsmasters_row_margin\">\n<div class=\"cmsmasters_column one_first\">\n<div class=\"cmsmasters_text\">\n<p>La Bioenerg\u00e8tica \u00e9s una ter\u00e0pia humanista desenvolupada pel psiquiatre americ\u00e0 Alexander Lowen (1910-2008) basada en el treball del psicoanalista austr\u00edac Wilhem Reich (1897-1957) sobre l\u2019an\u00e0lisi del car\u00e0cter i el seu reflex corporal. A m\u00e9s d\u2019una ter\u00e0pia corporal, es una ter\u00e0pia psicol\u00f2gica i psicoanal\u00edtica.<\/p>\n<p><img loading=\"lazy\" decoding=\"async\" class=\"size-medium wp-image-1355 aligncenter\" src=\"https:\/\/gestaltvida.com\/wp-content\/uploads\/wilhelm.reich1_-283x300.jpg\" alt=\"\" width=\"283\" height=\"300\" srcset=\"https:\/\/gestaltvida.com\/wp-content\/uploads\/wilhelm.reich1_-283x300.jpg 283w, https:\/\/gestaltvida.com\/wp-content\/uploads\/wilhelm.reich1_.jpg 450w\" sizes=\"(max-width: 283px) 100vw, 283px\" \/><\/p>\n<p>La Bioenerg\u00e8tica \u00e9s una Ter\u00e0pia que utilitza el cos i els seus processos energ\u00e8tics\u00a0 per solucionar els conflictes emocionals i superar les limitacions o condicionants de la nostra personalitat o car\u00e0cter.<\/p>\n<p>La Bioenerg\u00e8tica aporta a la psicologia el coneixement del car\u00e0cter i la personalitat humanes en funci\u00f3 de l\u2019estructura del cos. Postula que el cos i la ment s\u00f3n la mateixa cosa, les dues cares d\u2019una mateixa moneda. La difer\u00e8ncia entre ambdues \u00e9s que en el cos hi ha la nostra naturalesa, l\u2019energia, els instints i emocions, i en la ment es desenvolupa la personalitat que permetr\u00e0 o dificultar\u00e0 el desenvolupament i l\u2019expressi\u00f3 del cos i la seva naturalesa.<\/p>\n<p>&nbsp;<\/p>\n<\/div>\n<\/div>\n<\/div>\n<\/div>\n<\/div>\n<\/div>\n<\/div>\n\n","protected":false},"excerpt":{"rendered":"","protected":false},"author":3,"featured_media":0,"parent":0,"menu_order":0,"comment_status":"closed","ping_status":"closed","template":"","meta":{"footnotes":""},"_links":{"self":[{"href":"https:\/\/gestaltvida.com\/ca\/wp-json\/wp\/v2\/pages\/3159"}],"collection":[{"href":"https:\/\/gestaltvida.com\/ca\/wp-json\/wp\/v2\/pages"}],"about":[{"href":"https:\/\/gestaltvida.com\/ca\/wp-json\/wp\/v2\/types\/page"}],"author":[{"embeddable":true,"href":"https:\/\/gestaltvida.com\/ca\/wp-json\/wp\/v2\/users\/3"}],"replies":[{"embeddable":true,"href":"https:\/\/gestaltvida.com\/ca\/wp-json\/wp\/v2\/comments?post=3159"}],"version-history":[{"count":0,"href":"https:\/\/gestaltvida.com\/ca\/wp-json\/wp\/v2\/pages\/3159\/revisions"}],"wp:attachment":[{"href":"https:\/\/gestaltvida.com\/ca\/wp-json\/wp\/v2\/media?parent=3159"}],"curies":[{"name":"wp","href":"https:\/\/api.w.org\/{rel}","templated":true}]}}