{"id":2482,"date":"2017-07-03T10:23:06","date_gmt":"2017-07-03T08:23:06","guid":{"rendered":"http:\/\/entorn.javajan.com\/gestaltvida\/?page_id=2482"},"modified":"2020-06-11T09:34:53","modified_gmt":"2020-06-11T07:34:53","slug":"terapeuta-gestalt-i-corporal-bioenergetic","status":"publish","type":"page","link":"https:\/\/gestaltvida.com\/ca\/","title":{"rendered":"Terapeuta Gestalt"},"content":{"rendered":"<style type=\"text\/css\"> \n#cmsmasters_row_69f9eb45397ee .cmsmasters_row_outer_parent { \n\tpadding-top: 0px; \n} \n\n#cmsmasters_row_69f9eb45397ee .cmsmasters_row_outer_parent { \n\tpadding-bottom: 0px; \n} \n\n \n#cmsmasters_row_69f9eb453ac03 .cmsmasters_row_outer_parent { \n\tpadding-top: 10px; \n} \n\n#cmsmasters_row_69f9eb453ac03 .cmsmasters_row_outer_parent { \n\tpadding-bottom: 10px; \n} \n\n \n#cmsmasters_divider_69f9eb453bc35 { \n\tborder-bottom-width:1px; \n\tborder-bottom-style:solid; \n\tpadding-top:10px; \n\tmargin-bottom:10px; \n} \n \n#cmsmasters_divider_69f9eb453cd62 { \n\tborder-bottom-width:1px; \n\tborder-bottom-style:solid; \n\tpadding-top:10px; \n\tmargin-bottom:10px; \n} \n \n#cmsmasters_divider_69f9eb453dc43 { \n\tborder-bottom-width:1px; \n\tborder-bottom-style:solid; \n\tpadding-top:10px; \n\tmargin-bottom:10px; \n} \n \n#cmsmasters_row_69f9eb453dd50 .cmsmasters_row_outer_parent { \n\tpadding-top: 20px; \n} \n\n#cmsmasters_row_69f9eb453dd50 .cmsmasters_row_outer_parent { \n\tpadding-bottom: 50px; \n} \n\n \n#cmsmasters_divider_69f9eb453f0c2 { \n\tborder-bottom-width:1px; \n\tborder-bottom-style:solid; \n\tpadding-top:10px; \n\tmargin-bottom:10px; \n} \n \n#cmsmasters_divider_69f9eb454047a { \n\tborder-bottom-width:1px; \n\tborder-bottom-style:solid; \n\tpadding-top:10px; \n\tmargin-bottom:10px; \n} \n \n#cmsmasters_divider_69f9eb4540a5b { \n\tborder-bottom-width:1px; \n\tborder-bottom-style:solid; \n\tpadding-top:10px; \n\tmargin-bottom:10px; \n} \n \n#cmsmasters_divider_69f9eb454190c { \n\tborder-bottom-width:1px; \n\tborder-bottom-style:solid; \n\tpadding-top:10px; \n\tmargin-bottom:10px; \n} \n \n#cmsmasters_row_69f9eb4541a3a { \n\tbackground-color:#fdfdfd;\n} \n\n#cmsmasters_row_69f9eb4541a3a .cmsmasters_row_outer_parent { \n\tpadding-top: 60px; \n} \n\n \n#cmsmasters_icon_69f9eb45422df { \n\tdisplay:block; \n\ttext-align:center; } \n\n#cmsmasters_icon_69f9eb45422df .cmsmasters_simple_icon { \n\tborder-width:0px; \n\twidth:60px; \n\theight:60px; \n\tfont-size:40px; \n\tline-height:60px; \n\ttext-align:center; \n\t-webkit-border-radius:50%; \n\tborder-radius:50%; } \n \n#cmsmasters_row_69f9eb454b9a4 .cmsmasters_row_outer_parent { \n\tpadding-top: 0px; \n} \n\n#cmsmasters_row_69f9eb454b9a4 .cmsmasters_row_outer_parent { \n\tpadding-bottom: 0px; \n} \n\n#cmsmasters_row_69f9eb454b9a4 .cmsmasters_row_inner.cmsmasters_row_fullwidth { \n\tpadding-left:0%; \n} \n#cmsmasters_row_69f9eb454b9a4 .cmsmasters_row_inner.cmsmasters_row_fullwidth { \n\tpadding-right:0%; \n} \n \n#cmsmasters_divider_69f9eb454de2d { \n\tborder-bottom-width:1px; \n\tborder-bottom-style:solid; \n\tpadding-top:0px; \n\tmargin-bottom:0px; \n\tborder-bottom-color:#e8e8e8;\n} \n \n#cmsmasters_row_69f9eb454deba { \n\tbackground-image: url(https:\/\/gestaltvida.com\/wp-content\/uploads\/2019\/10\/home-3-1.jpg); \n\tbackground-position: top center; \n\tbackground-repeat: no-repeat; \n\tbackground-attachment: scroll; \n\tbackground-size: cover; \n} \n\n#cmsmasters_row_69f9eb454deba .cmsmasters_row_outer_parent { \n\tpadding-top: 0px; \n} \n\n#cmsmasters_row_69f9eb454deba .cmsmasters_row_overlay { \n\tbackground-color:rgba(10,10,10,0.1);\n} \n\n<\/style><div id=\"cmsmasters_row_69f9eb45397ee\" class=\"cmsmasters_row cmsmasters_color_scheme_default displaynone cmsmasters_row_top_default cmsmasters_row_bot_default cmsmasters_row_boxed\">\n<div class=\"cmsmasters_row_outer_parent\">\n<div class=\"cmsmasters_row_outer\">\n<div class=\"cmsmasters_row_inner\">\n<div class=\"cmsmasters_row_margin\">\n<div class=\"cmsmasters_column one_first\">\n<div class=\"cmsmasters_slider\"><script type=\"text\/javascript\">jQuery(function() { _initLayerSlider( '#layerslider_34_1avvqu0ktfngj', {sliderVersion: '6.11.1', type: 'fullwidth', hideOnMobile: true, skin: 'v6', skinsPath: 'https:\/\/gestaltvida.com\/wp-content\/plugins\/LayerSlider\/assets\/static\/layerslider\/skins\/'}); });<\/script><div id=\"layerslider_34_1avvqu0ktfngj\" class=\"ls-wp-container fitvidsignore\" style=\"width:1920px;height:440px;margin:0 auto;margin-bottom: 0px;\"><div class=\"ls-slide\" data-ls=\"bgsize:cover;bgposition:50% 50%;duration:6000;kenburnsscale:1.2;\"><img loading=\"lazy\" decoding=\"async\" width=\"1440\" height=\"440\" src=\"https:\/\/gestaltvida.com\/wp-content\/uploads\/2019\/10\/sillas-gestalt-440.jpg\" class=\"ls-bg\" alt=\"\" srcset=\"https:\/\/gestaltvida.com\/wp-content\/uploads\/2019\/10\/sillas-gestalt-440.jpg 1440w, https:\/\/gestaltvida.com\/wp-content\/uploads\/2019\/10\/sillas-gestalt-440-300x92.jpg 300w, https:\/\/gestaltvida.com\/wp-content\/uploads\/2019\/10\/sillas-gestalt-440-768x235.jpg 768w, https:\/\/gestaltvida.com\/wp-content\/uploads\/2019\/10\/sillas-gestalt-440-1024x313.jpg 1024w, https:\/\/gestaltvida.com\/wp-content\/uploads\/2019\/10\/sillas-gestalt-440-580x177.jpg 580w, https:\/\/gestaltvida.com\/wp-content\/uploads\/2019\/10\/sillas-gestalt-440-860x263.jpg 860w, https:\/\/gestaltvida.com\/wp-content\/uploads\/2019\/10\/sillas-gestalt-440-1160x354.jpg 1160w\" sizes=\"(max-width: 1440px) 100vw, 1440px\" \/><div style=\"text-shadow: 2px 2px 4px #000000;text-align:initial;font-weight:700;font-style:normal;text-decoration:none;font-size:64px;left:542px;top:272px;color:#ffffff;\" class=\"ls-l\" data-ls=\"showinfo:1;\">Ter\u00e0pia Gestalt presencial i on line<\/div><\/div><\/div><\/div>\n<\/div>\n<\/div>\n<\/div>\n<\/div>\n<\/div>\n<\/div>\n<div id=\"cmsmasters_row_69f9eb453a93b\" class=\"cmsmasters_row cmsmasters_color_scheme_default cmsmasters_row_top_default cmsmasters_row_bot_default cmsmasters_row_boxed\">\n<div class=\"cmsmasters_row_outer_parent\">\n<div class=\"cmsmasters_row_outer\">\n<div class=\"cmsmasters_row_inner\">\n<div class=\"cmsmasters_row_margin\">\n<div class=\"cmsmasters_column one_first\">\n<div class=\"cmsmasters_text\">\n<p><\/p>\n<\/div>\n<div class=\"cmsmasters_text\">\n<div style=\"font-family: Verdana, serif;\">\n<p>&nbsp;<\/p>\n<p style=\"text-align: center;\"><span style=\"color: #800080; font-size: 35px; font-weight: 400; line-height: 1.3em;\">T&#8217;acompanyem i et guiem a sentir-te millor amb tu mateix\/a i assolir relacions de qualitat<\/span><\/p>\n<\/div>\n<\/div>\n<div class=\"cmsmasters_text\">\n<p><\/p>\n<\/div>\n<\/div>\n<\/div>\n<\/div>\n<\/div>\n<\/div>\n<\/div>\n<div id=\"cmsmasters_row_69f9eb453ac03\" class=\"cmsmasters_row cmsmasters_color_scheme_default cmsmasters_row_top_default cmsmasters_row_bot_default cmsmasters_row_boxed\">\n<div class=\"cmsmasters_row_outer_parent\">\n<div class=\"cmsmasters_row_outer\">\n<div class=\"cmsmasters_row_inner\">\n<div class=\"cmsmasters_row_margin\">\n<div class=\"cmsmasters_column one_third\">\n<div class=\"aligncenter\">\n<div class=\"cmsmasters_img  cmsmasters_image_c\">\n<img decoding=\"async\" src=\"https:\/\/gestaltvida.com\/wp-content\/uploads\/2019\/10\/ansiedad-angustia-1-1.jpg\" alt=\"\" \/>\n<\/div>\n<\/div>\n\n<div id=\"cmsmasters_divider_69f9eb453bc35\" class=\"cmsmasters_divider cmsmasters_divider_width_long cmsmasters_divider_pos_center\"><\/div>\n<div class=\"cmsmasters_text\">\n<p><a style=\"color: #652e4d; font-size: 26px;\" href=\"https:\/\/gestaltvida.com\/ca\/la-terapia-ajuda-persones-amb-problemes-de\/ansietat-i-angoixa-estres-laboral\/\">Ansietat i Angoixa,<br \/>\nEstr\u00e8s Laboral<\/a><br \/>\n.<\/p>\n<\/div>\n<\/div>\n<div class=\"cmsmasters_column one_third\">\n<div class=\"aligncenter\">\n<div class=\"cmsmasters_img  cmsmasters_image_c\">\n<img decoding=\"async\" src=\"https:\/\/gestaltvida.com\/wp-content\/uploads\/2019\/10\/desanimo-baja-autoestima-1-1.jpg\" alt=\"\" \/>\n<\/div>\n<\/div>\n\n<div id=\"cmsmasters_divider_69f9eb453cd62\" class=\"cmsmasters_divider cmsmasters_divider_width_long cmsmasters_divider_pos_center\"><\/div>\n<div class=\"cmsmasters_text\">\n<p><a style=\"color: #652e4d; font-size: 26px;\" href=\"https:\/\/gestaltvida.com\/ca\/la-terapia-ajuda-persones-amb-problemes-de\/desanim-i-baixa-autoestima-depressio\/\">Des\u00e0nim i Baixa Autoestima. Depressi\u00f3<\/a><\/p>\n<\/div>\n<\/div>\n<div class=\"cmsmasters_column one_third\">\n<div class=\"aligncenter\">\n<div class=\"cmsmasters_img  cmsmasters_image_c\">\n<img decoding=\"async\" src=\"https:\/\/gestaltvida.com\/wp-content\/uploads\/2019\/10\/miedos-inseguridad-1-1.jpg\" alt=\"\" \/>\n<\/div>\n<\/div>\n\n<div id=\"cmsmasters_divider_69f9eb453dc43\" class=\"cmsmasters_divider cmsmasters_divider_width_long cmsmasters_divider_pos_center\"><\/div>\n<div class=\"cmsmasters_text\">\n<p><a style=\"color: #652e4d; font-size: 26px;\" href=\"https:\/\/gestaltvida.com\/ca\/la-terapia-ajuda-persones-amb-problemes-de\/pors-i-inseguretat-obsessions-timidesa-i-por-a-parlar-en-public\/\">Pors i Inseguretat, Obsessions, Timidesa i Por a parlar en p\u00fablic<\/a><\/p>\n<\/div>\n<\/div>\n<\/div>\n<\/div>\n<\/div>\n<\/div>\n<\/div>\n<div id=\"cmsmasters_row_69f9eb453dd50\" class=\"cmsmasters_row cmsmasters_color_scheme_default cmsmasters_row_top_default cmsmasters_row_bot_default cmsmasters_row_boxed\">\n<div class=\"cmsmasters_row_outer_parent\">\n<div class=\"cmsmasters_row_outer\">\n<div class=\"cmsmasters_row_inner\">\n<div class=\"cmsmasters_row_margin\">\n<div class=\"cmsmasters_column one_third\">\n<div class=\"aligncenter\">\n<div class=\"cmsmasters_img  cmsmasters_image_c\">\n<img decoding=\"async\" src=\"https:\/\/gestaltvida.com\/wp-content\/uploads\/2019\/10\/culpa-verguenza-envidia-1-1.jpg\" alt=\"\" \/>\n<\/div>\n<\/div>\n\n<div id=\"cmsmasters_divider_69f9eb453f0c2\" class=\"cmsmasters_divider cmsmasters_divider_width_long cmsmasters_divider_pos_center\"><\/div>\n<div class=\"cmsmasters_text\">\n<p><a style=\"color: #652e4d; font-size: 26px;\" href=\"https:\/\/gestaltvida.com\/ca\/la-terapia-ajuda-persones-amb-problemes-de\/culpa-vergonya-enveja-rabia-desequilibri-i-conflicte-emocional\/\">Culpa, Vergonya, Enveja, R\u00e0bia. Desequilibri i Conflicte emocional<\/a><\/p>\n<\/div>\n<\/div>\n<div class=\"cmsmasters_column one_third\">\n<div class=\"aligncenter\">\n<div class=\"cmsmasters_img  cmsmasters_image_c\">\n<img decoding=\"async\" src=\"https:\/\/gestaltvida.com\/wp-content\/uploads\/2019\/10\/crisis-de-pareja-1-1.jpg\" alt=\"\" \/>\n<\/div>\n<\/div>\n\n<div id=\"cmsmasters_divider_69f9eb454047a\" class=\"cmsmasters_divider cmsmasters_divider_width_long cmsmasters_divider_pos_center\"><\/div>\n<div class=\"cmsmasters_text\">\n<p><a style=\"color: #652e4d; font-size: 26px;\" href=\"https:\/\/gestaltvida.com\/ca\/la-terapia-ajuda-persones-amb-problemes-de\/crisi-de-parella-terapia-de-parella\/\">Crisi de parella.<br \/>\nTer\u00e0pia de parella<\/a><\/p>\n<\/div>\n\n\n<div id=\"cmsmasters_divider_69f9eb4540a5b\" class=\"cmsmasters_divider cmsmasters_divider_width_long cmsmasters_divider_pos_center\"><\/div>\n<\/div>\n<div class=\"cmsmasters_column one_third\">\n<div class=\"aligncenter\">\n<div class=\"cmsmasters_img  cmsmasters_image_c\">\n<img decoding=\"async\" src=\"https:\/\/gestaltvida.com\/wp-content\/uploads\/2019\/10\/infelicidad-fracaso-1-1.jpg\" alt=\"\" \/>\n<\/div>\n<\/div>\n\n<div id=\"cmsmasters_divider_69f9eb454190c\" class=\"cmsmasters_divider cmsmasters_divider_width_long cmsmasters_divider_pos_center\"><\/div>\n<div class=\"cmsmasters_text\">\n<p><a style=\"color: #652e4d; font-size: 26px;\" href=\"https:\/\/gestaltvida.com\/ca\/la-terapia-ajuda-persones-amb-problemes-de\/infelicitat-fracas-desorientacio-vital-buit-existencial\/\">Infelicitat, Frac\u00e0s,<br \/>\nDesorientaci\u00f3 vital.<br \/>\nBuit existencial<\/a><\/p>\n<\/div>\n<\/div>\n<\/div>\n<\/div>\n<\/div>\n<\/div>\n<\/div>\n<div id=\"cmsmasters_row_69f9eb4541a3a\" class=\"cmsmasters_row cmsmasters_color_scheme_default cmsmasters_row_top_default cmsmasters_row_bot_default cmsmasters_row_boxed\">\n<div class=\"cmsmasters_row_outer_parent\">\n<div class=\"cmsmasters_row_outer\">\n<div class=\"cmsmasters_row_inner\">\n<div class=\"cmsmasters_row_margin\">\n<div class=\"cmsmasters_column one_first\">\n<div class=\"cmsmasters_text\">\n<h1 style=\"text-align: center;\"><span style=\"color: #000000;\"><strong>Comentaris<\/strong><\/span><\/h1>\n<p style=\"text-align: center;\"><em>Artur Canals \u00e9s terapeuta Gestalt avalat per la AETG i registrat a FEDINE amb n\u00ba 11.210<\/em><\/p>\n<\/div>\n\n<div id=\"cmsmasters_icon_69f9eb45422df\" class=\"cmsmasters_icon_wrap\"><span class=\"cmsmasters_simple_icon cmsmasters-icon-chat-3 absoluteicon\"><\/span><\/div>\n<div class=\"cmsmasters_quotes_slider_wrap\">\n<script type=\"text\/javascript\">jQuery(document).ready(function () { jQuery(\"#cmsmasters_quotes_slider_69f9eb45434cd\").owlCarousel( { singleItem : true, autoPlay : 5000,stopOnHover: true, pagination: false, navigation : true, navigationText : \t[ \"<span class=\\\"cmsmasters_prev_arrow\\\"><span><\/span><\/span>\", \"<span class=\\\"cmsmasters_next_arrow\\\"><span><\/span><\/span>\" ] } );} );<\/script>\n<div id=\"cmsmasters_quotes_slider_69f9eb45434cd\" class=\"cmsmasters_quotes cmsmasters_quotes_slider cmsmasters_owl_slider owl-carousel\">\n<div class=\"cmsmasters_quote\">\n\n<!--_________________________ Start Quotes Boxed Slider Article _________________________ -->\n\n<article class=\"cmsmasters_quote_inner\">\n<div class=\"cmsmasters_quote_cap\"><span><\/span><\/div><div class=\"cmsmasters_quote_content\"><p>Artur et vull donar el meu personal reconeixement pel teu recolzament i per la teva tasca desenvolupada durant la <strong>ter\u00e0pia individual<\/strong> que he fet, ja que sense la teva substancial humanitat, crec que no hauria estat el mateix. La ter\u00e0pia m\u2019ha ajudat a trobar pistes per retrobar-me, reconec les meves obsessions i repeticions que retrassen el meu aven\u00e7 personal, per\u00f2 el contacte amb el conscient ha quallat el treball. Le teva capacitat humana per escoltar i rebre el recolzament necessari \u00e9s el que m\u00e9s m\u2019ha arribat. La ter\u00e0pia m\u2019ha donat la seguretat per expressar el que necessito, tamb\u00e9 veig m\u00e9s el meu dolor, que apareix de forma inesperada, i quan ho fa intento fer-me\u2019n c\u00e0rrec. Tot en aquesta ter\u00e0pia m\u2019ha aportat, en cada sessi\u00f3 he trobat quelcom nou, v\u00edvid i cert com a tema o circumst\u00e0ncia de la meva vida per treballar.<\/p>\n<\/div><header class=\"cmsmasters_quote_header\"><h4 class=\"cmsmasters_quote_title\">Jorge<\/h4><\/header><div class=\"cmsmasters_quote_subtitle_wrap\"><h6 class=\"cmsmasters_quote_subtitle\">Ter\u00e0pia individual Gestalt<\/h6><\/div><\/article>\n<!--_________________________ Finish Quotes Boxed Slider Article _________________________ -->\n\n<\/div>\n<div class=\"cmsmasters_quote\">\n\n<!--_________________________ Start Quotes Boxed Slider Article _________________________ -->\n\n<article class=\"cmsmasters_quote_inner\">\n<div class=\"cmsmasters_quote_cap\"><span><\/span><\/div><div class=\"cmsmasters_quote_content\"><p><strong>La ter\u00e0pia individual <\/strong>m\u2019ha ajudat a allunyar moments o situacions de la meva vida passada que estaven molt presents en el dia a dia. Les t\u00e8cniques de relaxaci\u00f3 m\u2019han perm\u00e8s situar i identificar l\u2019emoci\u00f3 en el cos i reviure situacions en les que em trobava anclada. He pogut veure les situacions que m\u2019afecten des d\u2019una altra perspectiva i tamb\u00e9 controlar les emocions, aix\u00f2 m\u2019ha ajudat a controlar els pensaments, per comprovar que els moments nous no tenen res a veure amb les experi\u00e8ncies d\u2019anys enrere, i per tant no tenen perqu\u00e8 evolucionar igual.<\/p>\n<\/div><header class=\"cmsmasters_quote_header\"><h4 class=\"cmsmasters_quote_title\">Elena<\/h4><\/header><div class=\"cmsmasters_quote_subtitle_wrap\"><h6 class=\"cmsmasters_quote_subtitle\">Ter\u00e0pia individual Gestalt<\/h6><\/div><\/article>\n<!--_________________________ Finish Quotes Boxed Slider Article _________________________ -->\n\n<\/div>\n<div class=\"cmsmasters_quote\">\n\n<!--_________________________ Start Quotes Boxed Slider Article _________________________ -->\n\n<article class=\"cmsmasters_quote_inner\">\n<div class=\"cmsmasters_quote_cap\"><span><\/span><\/div><div class=\"cmsmasters_quote_content\"><p>Artur et volia dir que gr\u00e0cies a la teva <strong>ter\u00e0pia<\/strong> dem\u00e0 finalment em fan un contracte en un restaurant molt xulo&#8230; He deixat la droga i visc sola amb el meu nen, que ha millorat les notes a l\u2019escola, i que he deixat a la meva parella perqu\u00e8 consumia. No fumo ni un porro. I solament bec una copa de vi de tant en tant&#8230;Tot aix\u00f2 ha estat tant positiu i tot gr\u00e0cies a tu. De no haver estat per tu mai ho hagu\u00e9s aconseguit!<\/p>\n<\/div><header class=\"cmsmasters_quote_header\"><h4 class=\"cmsmasters_quote_title\">Yamila<\/h4><\/header><div class=\"cmsmasters_quote_subtitle_wrap\"><h6 class=\"cmsmasters_quote_subtitle\">Ter\u00e0pia individual Gestalt<\/h6><\/div><\/article>\n<!--_________________________ Finish Quotes Boxed Slider Article _________________________ -->\n\n<\/div>\n<div class=\"cmsmasters_quote\">\n\n<!--_________________________ Start Quotes Boxed Slider Article _________________________ -->\n\n<article class=\"cmsmasters_quote_inner\">\n<div class=\"cmsmasters_quote_cap\"><span><\/span><\/div><div class=\"cmsmasters_quote_content\">\n<p><strong>La ter\u00e0pia de parella<\/strong> ens ha ajudat a comunicar-nos millor, trobant noves formes d\u2019expressar els sentiments i necessitats de l\u2019altre, aix\u00ed com a empatitzar d\u2019una forma que no seria possible amb ter\u00e0pies individuals. Estem m\u00e9s a prop i amorosament.<\/p>\n<p>Estem m\u00e9s units, la nostra comunicaci\u00f3 es m\u00e9s relaxada i respectuosa. Estem m\u00e9s carinyosos l\u2019un amb l\u2019altre i ens recolzem m\u00e9s en coses quotidianes, com s\u00f3n temes externs a la parella. Tamb\u00e9 ens comuniquem m\u00e9s les necessitats, \u00e9s m\u00e9s f\u00e0cil que es duguin a terme i aix\u00f2 ens fa ser m\u00e9s feli\u00e7os i estar m\u00e9s agra\u00efts amb l\u2019altre per poder ajudar-nos a que es completin.<\/p>\n<p>Artur et volem agrair la teva pres\u00e8ncia constant, perqu\u00e8 ens fas sentir que est\u00e0s connectat totalment amb nosaltres en la sessi\u00f3, la teva atenci\u00f3 i empatia \u00e9s permanent.<\/p>\n<\/div><header class=\"cmsmasters_quote_header\"><h4 class=\"cmsmasters_quote_title\">Mari\u00e1ngeles \u2013 Guillem<\/h4><\/header><div class=\"cmsmasters_quote_subtitle_wrap\"><h6 class=\"cmsmasters_quote_subtitle\">Ter\u00e0pia de parella<\/h6><\/div><\/article>\n<!--_________________________ Finish Quotes Boxed Slider Article _________________________ -->\n\n<\/div>\n<div class=\"cmsmasters_quote\">\n\n<!--_________________________ Start Quotes Boxed Slider Article _________________________ -->\n\n<article class=\"cmsmasters_quote_inner\">\n<div class=\"cmsmasters_quote_cap\"><span><\/span><\/div><div class=\"cmsmasters_quote_content\"><p><strong>Amb la ter\u00e0pia de parella<\/strong> m\u2019has ensenyat a articular la meva disconformitat respecte la meva parella!<\/p>\n<\/div><header class=\"cmsmasters_quote_header\"><h4 class=\"cmsmasters_quote_title\">Manfred<\/h4><\/header><div class=\"cmsmasters_quote_subtitle_wrap\"><h6 class=\"cmsmasters_quote_subtitle\">Ter\u00e0pia de parella<\/h6><\/div><\/article>\n<!--_________________________ Finish Quotes Boxed Slider Article _________________________ -->\n\n<\/div>\n<div class=\"cmsmasters_quote\">\n\n<!--_________________________ Start Quotes Boxed Slider Article _________________________ -->\n\n<article class=\"cmsmasters_quote_inner\">\n<div class=\"cmsmasters_quote_cap\"><span><\/span><\/div><div class=\"cmsmasters_quote_content\"><p><strong>El grup de creixement personal<\/strong> m\u2019ha perm\u00e8s aprendre t\u00e8cniques de respiraci\u00f3 i relaxaci\u00f3, i poder dedicar un moment cada 15 dies a mi mateixa.<\/p>\n<\/div><header class=\"cmsmasters_quote_header\"><h4 class=\"cmsmasters_quote_title\">Cristina<\/h4><\/header><div class=\"cmsmasters_quote_subtitle_wrap\"><h6 class=\"cmsmasters_quote_subtitle\">Grups de Creixement Personal<\/h6><\/div><\/article>\n<!--_________________________ Finish Quotes Boxed Slider Article _________________________ -->\n\n<\/div>\n<div class=\"cmsmasters_quote\">\n\n<!--_________________________ Start Quotes Boxed Slider Article _________________________ -->\n\n<article class=\"cmsmasters_quote_inner\">\n<div class=\"cmsmasters_quote_cap\"><span><\/span><\/div><div class=\"cmsmasters_quote_content\"><p><strong>El grup de creixement personal<\/strong> m\u2019ha ensenyat a expressar la meva opini\u00f3 davant dels meus companys i defensar la meva posici\u00f3. Les t\u00e8cniques de meditaci\u00f3, respiraci\u00f3, i dansa han estat molt positives per mi. En tots els treballs he pogut expressar problemes interns que no sabia com gestionar o resoldre. Ha estat molt enriquidor i amb el millor terapeuta que he conegut!<\/p>\n<\/div><header class=\"cmsmasters_quote_header\"><h4 class=\"cmsmasters_quote_title\">Erika<\/h4><\/header><div class=\"cmsmasters_quote_subtitle_wrap\"><h6 class=\"cmsmasters_quote_subtitle\">Grups de Creixement Personal<\/h6><\/div><\/article>\n<!--_________________________ Finish Quotes Boxed Slider Article _________________________ -->\n\n<\/div>\n<div class=\"cmsmasters_quote\">\n\n<!--_________________________ Start Quotes Boxed Slider Article _________________________ -->\n\n<article class=\"cmsmasters_quote_inner\">\n<div class=\"cmsmasters_quote_cap\"><span><\/span><\/div><div class=\"cmsmasters_quote_content\"><p><strong>El grup de creixement personal<\/strong> m\u2019ha aportat una s\u00e8rie d\u2019eines i coneixements que els puc aplicar quan els necessiti, tamb\u00e9 m\u00b4he pogut con\u00e8ixer una mica millor. En general tot m\u2019ha resultat benefici\u00f3s. Poder parlar d\u2019un tema, m\u2019ha donat coneixements i he apr\u00e8s molt; els exercicis corporals m\u2019han agradat molt perqu\u00e8 a vegades sentia que els necessitava i m\u2019aportaven una relaxaci\u00f3 f\u00edsica i mental.<\/p>\n<\/div><header class=\"cmsmasters_quote_header\"><h4 class=\"cmsmasters_quote_title\">Ester<\/h4><\/header><div class=\"cmsmasters_quote_subtitle_wrap\"><h6 class=\"cmsmasters_quote_subtitle\">Grups de Creixement Personal<\/h6><\/div><\/article>\n<!--_________________________ Finish Quotes Boxed Slider Article _________________________ -->\n\n<\/div>\n<div class=\"cmsmasters_quote\">\n\n<!--_________________________ Start Quotes Boxed Slider Article _________________________ -->\n\n<article class=\"cmsmasters_quote_inner\">\n<div class=\"cmsmasters_quote_cap\"><span><\/span><\/div><div class=\"cmsmasters_quote_content\"><p><strong>El grup de creixement personal<\/strong> m\u2019ha perm\u00e8s adonar-me que la vida est\u00e0 plena d\u2019experi\u00e8ncies que unes surten b\u00e9 i altres d\u2019una altra manera, el frac\u00e0s no existeix.<\/p>\n<\/div><header class=\"cmsmasters_quote_header\"><h4 class=\"cmsmasters_quote_title\">Mariona<\/h4><\/header><div class=\"cmsmasters_quote_subtitle_wrap\"><h6 class=\"cmsmasters_quote_subtitle\">Grups de Creixement Personal<\/h6><\/div><\/article>\n<!--_________________________ Finish Quotes Boxed Slider Article _________________________ -->\n\n<\/div>\n<div class=\"cmsmasters_quote\">\n\n<!--_________________________ Start Quotes Boxed Slider Article _________________________ -->\n\n<article class=\"cmsmasters_quote_inner\">\n<div class=\"cmsmasters_quote_cap\"><span><\/span><\/div><div class=\"cmsmasters_quote_content\"><p><strong>Despr\u00e9s del taller de bioenerg\u00e8tica<\/strong> d\u2019avui em sento amb una pau brutal!<\/p>\n<\/div><header class=\"cmsmasters_quote_header\"><h4 class=\"cmsmasters_quote_title\">Luisa<\/h4><\/header><div class=\"cmsmasters_quote_subtitle_wrap\"><h6 class=\"cmsmasters_quote_subtitle\">Taller de bioenerg\u00e8tica<\/h6><\/div><\/article>\n<!--_________________________ Finish Quotes Boxed Slider Article _________________________ -->\n\n<\/div>\n<\/div>\n<\/div>\n<\/div>\n<\/div>\n<\/div>\n<\/div>\n<\/div>\n<\/div>\n<div id=\"cmsmasters_row_69f9eb454b9a4\" class=\"cmsmasters_row cmsmasters_color_scheme_default cmsmasters_row_top_default cmsmasters_row_bot_default cmsmasters_row_fullwidth\">\n<div class=\"cmsmasters_row_outer_parent\">\n<div class=\"cmsmasters_row_outer\">\n<div class=\"cmsmasters_row_inner cmsmasters_row_fullwidth\">\n<div class=\"cmsmasters_row_margin\">\n<div class=\"cmsmasters_column one_first\">\n\n<div id=\"cmsmasters_divider_69f9eb454de2d\" class=\"cmsmasters_divider cmsmasters_divider_width_long cmsmasters_divider_pos_center\"><\/div>\n<\/div>\n<\/div>\n<\/div>\n<\/div>\n<\/div>\n<\/div>\n<div id=\"cmsmasters_row_69f9eb454deba\" class=\"cmsmasters_row cmsmasters_color_scheme_first cmsmasters_row_top_default cmsmasters_row_bot_default cmsmasters_row_fullwidth\">\n<div class=\"cmsmasters_row_outer_parent\">\n<div class=\"cmsmasters_row_overlay\"><\/div>\n<div class=\"cmsmasters_row_outer\">\n<div class=\"cmsmasters_row_inner cmsmasters_row_fullwidth\">\n<div class=\"cmsmasters_row_margin\">\n<div class=\"cmsmasters_column one_first\">\n<div class=\"cmsmasters_text\">\n<div style=\"padding: 200px 0 100px 0; text-align: center;\"><a style=\"text-align: center; padding: 10px; color: #ffffff; background: #ff9900; font-size: 24px; font-weight: bold;\" href=\"https:\/\/gestaltvida.com\/contacte\/\">Contactar<\/a><\/div>\n<\/div>\n<\/div>\n<\/div>\n<\/div>\n<\/div>\n<\/div>\n<\/div>\n\n","protected":false},"excerpt":{"rendered":"","protected":false},"author":3,"featured_media":0,"parent":0,"menu_order":0,"comment_status":"closed","ping_status":"closed","template":"","meta":{"footnotes":""},"_links":{"self":[{"href":"https:\/\/gestaltvida.com\/ca\/wp-json\/wp\/v2\/pages\/2482"}],"collection":[{"href":"https:\/\/gestaltvida.com\/ca\/wp-json\/wp\/v2\/pages"}],"about":[{"href":"https:\/\/gestaltvida.com\/ca\/wp-json\/wp\/v2\/types\/page"}],"author":[{"embeddable":true,"href":"https:\/\/gestaltvida.com\/ca\/wp-json\/wp\/v2\/users\/3"}],"replies":[{"embeddable":true,"href":"https:\/\/gestaltvida.com\/ca\/wp-json\/wp\/v2\/comments?post=2482"}],"version-history":[{"count":0,"href":"https:\/\/gestaltvida.com\/ca\/wp-json\/wp\/v2\/pages\/2482\/revisions"}],"wp:attachment":[{"href":"https:\/\/gestaltvida.com\/ca\/wp-json\/wp\/v2\/media?parent=2482"}],"curies":[{"name":"wp","href":"https:\/\/api.w.org\/{rel}","templated":true}]}}