{"id":194,"date":"2014-12-19T17:38:40","date_gmt":"2014-12-19T17:38:40","guid":{"rendered":"http:\/\/gestaltvida.com\/?page_id=194"},"modified":"2017-07-21T09:46:35","modified_gmt":"2017-07-21T07:46:35","slug":"politica-de-cookies","status":"publish","type":"page","link":"https:\/\/gestaltvida.com\/ca\/politica-de-cookies\/","title":{"rendered":"Pol\u00edtica de Cookies"},"content":{"rendered":"<style type=\"text\/css\"><\/style><p>GESTALT VIDA ha desenvolupat aquesta pol\u00edtica per informar-te de qu\u00e8 \u00e9s una galeta, quals fem servir en aquesta web i ajudar-te a poder gestionar segons sigui del teu inter\u00e8s.<\/p>\n<p>Una &#8220;Cookie&#8221; \u00e9s un petit arxiu de text que un lloc web emmagatzema al navegador de l&#8217;usuari. Les cookies faciliten l&#8217;\u00fas i la navegaci\u00f3 per una p\u00e0gina web i s\u00f3n essencials per al funcionament d&#8217;internet, aportant innombrables avantatges en la prestaci\u00f3 de serveis interactius.<\/p>\n<p>Les cookies s&#8217;utilitzen per exemple per gestionar la sessi\u00f3 de l&#8217;usuari (reduint el nombre de vegades que ha d&#8217;incloure la contrasenya) o per adequar els continguts d&#8217;una p\u00e0gina web a les seves prefer\u00e8ncies. Les galetes poden ser de &#8220;sessi\u00f3&#8221;, de manera que s&#8217;esborraran un cop l&#8217;usuari abandoni la p\u00e0gina web que les va generar o &#8220;persistents&#8221;, que romanen en el seu ordinador fins a una data determinada.<\/p>\n<p>Aquest document de &#8220;\u00das de Cookies&#8221; ha estat elaborat a partir d&#8217;una auditoria t\u00e8cnica externa estant, per tant, subjecte a actualitzacions peri\u00f2diques. El seu prop\u00f2sit \u00e9s ajudar-lo a comprendre l&#8217;\u00fas que aquesta p\u00e0gina web fa de les galetes, la finalitat de les cookies utilitzades, aix\u00ed com de les opcions que l&#8217;usuari t\u00e9 a la seva disposici\u00f3 per gestionar-les.<br \/>\nL&#8217;\u00fas d&#8217;aquest web amb la funcionalitat del navegador habilitada per acceptar cookies, implica l&#8217;acceptaci\u00f3 per part de l&#8217;usuari de la tecnologia cookie utilitzada per aquesta web.<\/p>\n<p><strong>Exemples de tipus de cookies:<\/strong><\/p>\n<p><strong> Cookies d&#8217;\u00fas intern<\/strong><\/p>\n<p>Aquesta web utilitza cookies d&#8217;\u00fas intern imprescindibles per al funcionament de la web, com per exemple aquelles que permeten l&#8217;autenticaci\u00f3 o el manteniment de la sessi\u00f3 de l&#8217;usuari registrat quan navega per la p\u00e0gina. La desactivaci\u00f3 d&#8217;aquestes galetes impedeix el funcionament correcte d&#8217;algunes de les funcionalitats de la web.<\/p>\n<p><strong> Cookies Anal\u00edtiques<\/strong><\/p>\n<p>Aquesta web utilitza cookies anal\u00edtiques per demanar estad\u00edstiques sobre l&#8217;activitat de l&#8217;usuari en la web i l&#8217;activitat general de la mateixa. La informaci\u00f3 recopilada \u00e9s an\u00f2nima i permet optimitzar la navegaci\u00f3 per la nostra p\u00e0gina web i garantir el millor servei a l&#8217;usuari. L&#8217;usuari pot excloure la seva activitat mitjan\u00e7ant els sistemes d&#8217;exclusi\u00f3 facilitats per les eines anal\u00edtiques.<br \/>\nCookies de tercers per a la gesti\u00f3 d&#8217;espais publicitaris.<\/p>\n<p>S\u00f3n cookies emmagatzemades per terceres parts que gestionen els espais publicitaris que els usuaris visualitzen en accedir a aquest web. Aquestes galetes permeten mesurar l&#8217;efectivitat de les nostres campanyes online, proporcionar a l&#8217;usuari informaci\u00f3 del seu inter\u00e8s i oferir continguts publicitaris de la seva prefer\u00e8ncia. De conformitat amb les seves pr\u00f2pies pol\u00edtiques, alguns gestors de publicitat poden utilitzar les cookies an\u00f2nimes per mostrar anuncis del seu inter\u00e8s quan visiti altres p\u00e0gines web. No obstant els usuaris poden gestionar l&#8217;acceptaci\u00f3 o no d&#8217;aquestes cookies mitjan\u00e7ant la configuraci\u00f3 del seu navegador.<\/p>\n<p><strong> Garanties i opcions sobre les cookies<\/strong><\/p>\n<p>Durant la instal\u2022laci\u00f3 o posada al dia del navegador, l&#8217;usuari t\u00e9 la possibilitat d&#8217;acceptar o rebutjar la instal\u2022laci\u00f3 de cookies, o b\u00e9 rebutjar la instal\u2022laci\u00f3 d&#8217;un determinat tipus de cookies, com les cookies de publicitat i de tercers. A m\u00e9s, despr\u00e9s de cada sessi\u00f3 pot eliminar totes o algunes de les cookies emmagatzemades.<\/p>\n<p>Aix\u00ed mateix l&#8217;usuari pot activar:<\/p>\n<p>&#8211; La navegaci\u00f3 privada, mitjan\u00e7ant la qual el seu navegador deixa de guardar l&#8217;historial de navegaci\u00f3, contrasenyes de llocs web, galetes i una altra informaci\u00f3 de les p\u00e0gines que visita, o<br \/>\n&#8211; La funci\u00f3 de no rastrejar, per la qual el navegador demana als llocs web que visita que no rastregin els seus h\u00e0bits de navegaci\u00f3 per, per exemple, servir publicitat del seu inter\u00e8s en els llocs que visita.<\/p>\n<p>Li recomanem que consulti l&#8217;ajuda del seu navegador per informar-se de les diferents opcions sobre com gestionar les galetes. Tingueu en compte que el bloqueig de galetes pot afectar totes o algunes de les funcionalitats del nostre web.<\/p>\n<p><strong>Galetes utilitzades en aquest web:<\/strong><\/p>\n<p><strong> De tercers<\/strong><\/p>\n<p><span style=\"text-decoration: underline;\"> Nom Cookie<\/span><\/p>\n<p>_ Ga<br \/>\n_ Gat Cookies generades des del domini www.gestaltvida.com amb l&#8217;eina Google Analytics .<\/p>\n<p><span style=\"text-decoration: underline;\"> Finalitat<\/span><\/p>\n<p>Genera un ID d&#8217;usuari \u00fanic que s&#8217;utilitza per explicar quantes vegades ha visitat la web un usuari, calcular la fi de la sessi\u00f3, registrar l&#8217;origen de l&#8217;usuari i segmentar dades demogr\u00e0fiques com l&#8217;edat del visitant a partir de les dades de registre .<\/p>\n<p><span style=\"text-decoration: underline;\">Nom Cookie<\/span><\/p>\n<p>_atuvc<br \/>\n_atuvs Son cookies del servei addthis, procedents de la companyia AddThis Solutions.<\/p>\n<p><span style=\"text-decoration: underline;\">Finalitat<\/span><\/p>\n<p>Recull informaci\u00f3 sobre les vegades que es comparteix l&#8217;adre\u00e7a web a les xarxes socials Twitter, Facebook i Google+<\/p>\n<p><strong>D&#8217;\u00fas intern<\/strong><\/p>\n<p><span style=\"text-decoration: underline;\"> Nom Cookie<\/span><\/p>\n<p>qtrans_ cookie_test<\/p>\n<p><span style=\"text-decoration: underline;\"> Finalitat<\/span><\/p>\n<p>Cookies generades des del domini www.gestaltvida.com amb l&#8217;eina WordPress per detectar l&#8217;idioma del navegador dels usuaris, ja que el nostre WEBSITE ofereix els seus continguts en castell\u00e0 i catal\u00e0.<\/p>\n<p><strong>Xarxes Socials:<\/strong><\/p>\n<p>Cookies de complements externs de continguts i cookies utilitzades per xarxes socials:<\/p>\n<p>En altres llocs de GESTALT VIDA s&#8217;instal\u2022len cookies de tercers a tots els seus visitants, encara que no siguin usuaris registrats en les corresponents plataformes:<br \/>\n\u2022 GESTALT VIDA a Facebook. Cookies: datr, reg_fb_gate, reg_fb_ref, highContrast i wd. Les seves finalitats s\u00f3n descrites a la P\u00e0gina de galetes de Facebook.<br \/>\n\u2022 GESTALT VIDA a Youtube. Cookies: GEUP, PREF, VISITOR_INFO1_LIVE, YSC. Les seves finalitats s\u00f3n descrites en l a P\u00e0gina de Privacitat de Youtube.<\/p>\n<p><strong>Aquesta informaci\u00f3 la fem servir per millorar la nostra p\u00e0gina<\/strong>, detectar noves necessitats i valorar les millores a introduir amb la finalitat de prestar un millor servei als usuaris que ens visiten.<\/p>\n<p><strong> Per permetre, con\u00e8ixer, bloquejar o eliminar les cookies instal\u2022lades en el teu equip pots fer-ho mitjan\u00e7ant la configuraci\u00f3 de les opcions del navegador en el vostre ordinador.<\/strong><\/p>\n<p>Per exemple pots trobar informaci\u00f3 sobre com fer-ho en el cas que facis servir algun d&#8217;aquests navegador \u00e9s:<\/p>\n<p>Firefox des d&#8217;aqu\u00ed: <a href=\"http:\/\/support.mozilla.org\/es\/kb\/habilitar-y-deshabilitar-cookies-que-los-sitios-we\">http:\/\/support.mozilla.org\/es\/kb\/habilitar-y-deshabilitar-cookies-que-los-sitios-we<\/a><br \/>\nChrome des d&#8217;aqu\u00ed: <a href=\"http:\/\/support.google.com\/chrome\/bin\/answer.py?hl=es&amp;answer=95647\">http:\/\/support.google.com\/chrome\/bin\/answer.py?hl=es&amp;answer=95647<\/a><br \/>\nExplorer des d&#8217;aqu\u00ed: <a href=\"http:\/\/windows.microsoft.com\/es-es\/windows7\/how-to-manage-cookies-in-internet-explorer-9\">http:\/\/windows.microsoft.com\/es-es\/windows7\/how-to-manage-cookies-in-internet-explorer-9<\/a><br \/>\nSafari des d&#8217;aqu\u00ed: <a href=\"http:\/\/support.apple.com\/kb\/ph5042\">http:\/\/support.apple.com\/kb\/ph5042<\/a><br \/>\nOpera des d&#8217;aqu\u00ed: <a href=\"http:\/\/help.opera.com\/Windows\/11.50\/es-ES\/cookies.html\">http:\/\/help.opera.com\/Windows\/11.50\/es-ES\/cookies.html<\/a><\/p>\n","protected":false},"excerpt":{"rendered":"<p>GESTALT VIDA ha desenvolupat aquesta pol\u00edtica per informar-te de qu\u00e8 \u00e9s una galeta, quals fem servir en aquesta web i ajudar-te a poder gestionar segons sigui del teu inter\u00e8s. Una &#8220;Cookie&#8221; \u00e9s un petit arxiu de text que un lloc web emmagatzema al navegador de l&#8217;usuari. Les cookies faciliten l&#8217;\u00fas i la navegaci\u00f3 per una&#8230;<\/p>\n","protected":false},"author":3,"featured_media":0,"parent":0,"menu_order":0,"comment_status":"closed","ping_status":"closed","template":"","meta":{"footnotes":""},"_links":{"self":[{"href":"https:\/\/gestaltvida.com\/ca\/wp-json\/wp\/v2\/pages\/194"}],"collection":[{"href":"https:\/\/gestaltvida.com\/ca\/wp-json\/wp\/v2\/pages"}],"about":[{"href":"https:\/\/gestaltvida.com\/ca\/wp-json\/wp\/v2\/types\/page"}],"author":[{"embeddable":true,"href":"https:\/\/gestaltvida.com\/ca\/wp-json\/wp\/v2\/users\/3"}],"replies":[{"embeddable":true,"href":"https:\/\/gestaltvida.com\/ca\/wp-json\/wp\/v2\/comments?post=194"}],"version-history":[{"count":0,"href":"https:\/\/gestaltvida.com\/ca\/wp-json\/wp\/v2\/pages\/194\/revisions"}],"wp:attachment":[{"href":"https:\/\/gestaltvida.com\/ca\/wp-json\/wp\/v2\/media?parent=194"}],"curies":[{"name":"wp","href":"https:\/\/api.w.org\/{rel}","templated":true}]}}