{"id":192,"date":"2014-12-19T17:28:28","date_gmt":"2014-12-19T17:28:28","guid":{"rendered":"http:\/\/gestaltvida.com\/?page_id=192"},"modified":"2018-06-06T10:35:55","modified_gmt":"2018-06-06T08:35:55","slug":"politica-de-privacitat","status":"publish","type":"page","link":"https:\/\/gestaltvida.com\/ca\/politica-de-privacitat\/","title":{"rendered":"Pol\u00edtica de Privacitat"},"content":{"rendered":"<style type=\"text\/css\"><\/style><p>Protecci\u00f3 de dades de car\u00e0cter personal<\/p>\n<p>Al navegar per aquestes p\u00e0gines, de forma autom\u00e0tica vost\u00e8 facilita al servidor de la web informaci\u00f3 relativa a la seva adre\u00e7a IP (identificador \u00fanic per a la transmissi\u00f3 de paquets entre ordinadors connectats a Internet), data i hora d\u2019acc\u00e9s, l\u2019hipervincle que li ha reenviat a aquestes, el seu sistema operatiu i el navegador utilitzat.<\/p>\n<p>Sense perjudici que l\u2019Ag\u00e8ncia Espanyola de Protecci\u00f3 de Dades (d\u2019ara endavant, AEPD) considera la IP com a dada de car\u00e0cter personal, el Titular no pot obtenir per si sol, ni t\u00e9 intenci\u00f3 de fer-ho a menys que se li causi algun perjudici, informaci\u00f3 alguna sobre el titular de la connexi\u00f3 a Internet a qu\u00e8 correspon. Aquestes dades seran guardades i utilitzades \u00fanicament per al control i realitzaci\u00f3 d\u2019estad\u00edstiques d\u2019acc\u00e9s i visites a la web, i en cap cas seran comunicats o cedits a tercers.<\/p>\n<p>Les dades obtingudes en el formulari web de contacte restaran en poder del responsable del tractament:<\/p>\n<p><strong>ARTUR CANALS SANCHEZ\u2013 DNI: 43405333 D &#8211; C\/ Sant Carolina, 40 \u00a0(Barcelona) \u2013 667525239 &#8211; info@gestaltvida.com<\/strong><\/p>\n<p>En el tractament de les seves dades personals, aplicarem els seg\u00fcents principis que s&#8217;ajusten a les exig\u00e8ncies del nou reglament europeu de protecci\u00f3 de dades:<\/p>\n<ul>\n<li><strong>Principi de licitud, lleialtat i transpar\u00e8ncia:<\/strong> Sempre requerirem el seu consentiment pel tractament de les seves dades personals i amb una finalitat concreta que l&#8217;informarem pr\u00e8viament i amb absoluta transpar\u00e8ncia.<\/li>\n<li><strong>Principi de minimitzaci\u00f3 de dades:<\/strong> Nom\u00e9s anem a sol\u00b7licitar dades estrictament necess\u00e0ries en relaci\u00f3 amb els fins per als quals els requerim.<\/li>\n<li><strong>Principi de limitaci\u00f3 del termini de conservaci\u00f3:<\/strong> Les dades seran mantinguts durant no m\u00e9s temps del necessari per als fins del tractament, en funci\u00f3 de la finalitat. L&#8217;informarem del termini de conservaci\u00f3 corresponent, en el cas de subscripcions, i peri\u00f2dicament revisarem les nostres llistes i eliminarem aquells registres inactius durant un temps considerable.<\/li>\n<li><strong>Principi d&#8217;integritat i confidencialitat:<\/strong> Les seves dades seran tractades de tal manera que es garanteixi una seguretat adequada de les dades personals i es garanteixi confidencialitat. Prenem totes les precaucions necess\u00e0ries per evitar l&#8217;acc\u00e9s no autoritzat o \u00fas indegut de les dades dels nostres usuaris per part de tercers.<\/li>\n<\/ul>\n<p>Les dades s\u00f3n facilitades a trav\u00e9s d&#8217;un formulari de contacte on sol\u00b7licitem les seg\u00fcents dades personals: nom i cognoms, tel\u00e8fon, email, empresa, activitat, pa\u00eds, poblaci\u00f3, adre\u00e7a i observacions per respondre dubtes, queixes, comentaris o inquietuds que pugui tenir relatives referents als nostres serveis.<\/p>\n<p><strong>ARTUR CANALS SANCHEZ<\/strong> no ven, lloga ni cedeix dades de car\u00e0cter personal que puguin identificar a l&#8217;usuari, ni ho far\u00e0 en el futur, a tercers sense el consentiment previ. No obstant aix\u00f2, en alguns casos es poden realitzar col\u00b7laboracions amb altres professionals, en aquests casos, es requerir\u00e0 consentiment als usuaris informant sobre la identitat del col\u00b7laborador i la finalitat de la col\u00b7laboraci\u00f3. Sempre es realitzar\u00e0 amb els m\u00e9s estrictes est\u00e0ndards de seguretat.<\/p>\n<p>Existeixen altres finalitats per la qual tractem les seves dades personals:<\/p>\n<ul>\n<li>Per garantir el compliment de les condicions d&#8217;\u00fas i la llei aplicable. Aix\u00f2 pot incloure el desenvolupament d&#8217;eines i algoritmes que ajuden a aquesta web a garantir la confidencialitat de les dades personals que recull.<\/li>\n<li>Per donar suport i millorar els serveis que ofereix aquesta web.<\/li>\n<li>Tamb\u00e9 es recullen altres dades no identificatives que s&#8217;obtenen mitjan\u00e7ant algunes galetes que es descarreguen a l&#8217;ordinador de l&#8217;usuari quan navega en aquesta web que detallem en la pol\u00edtica de cookies.<\/li>\n<li>Per gestionar les xarxes socials. ARTUR CANALS SANCHEZ pot tenir pres\u00e8ncia en xarxes socials. El tractament de les dades que es dugui a terme de les persones que es facin seguidores a les xarxes socials de les p\u00e0gines oficials de ARTUR CANALS SANCHEZ Aix\u00ed com per aquelles condicions d&#8217;\u00fas, pol\u00edtiques de privacitat i normatives d&#8217;acc\u00e9s que pertanyin a la xarxa social que procedeixi en cada cas i acceptades pr\u00e8viament per l&#8217;usuari. Es tractar\u00e0 les seves dades amb les finalitats d&#8217;administrar correctament la seva pres\u00e8ncia a la xarxa social, informant d&#8217;activitats, productes o serveis de ARTUR CANALS SANCHEZ ,aix\u00ed com per a qualsevol altra finalitat que les normatives de les xarxes socials permeten. En cap cas utilitzarem els perfils de seguidors en xarxes socials per enviar publicitat de manera individual.<\/li>\n<\/ul>\n<p><strong>La base legal per al tractament de les seves dades \u00e9s:<\/strong> el consentiment.<br \/>\nPer contactar o fer comentaris en aquesta web es requereix el consentiment amb aquesta pol\u00edtica de privacitat.<\/p>\n<p><strong>Categoria de dades:<\/strong><br \/>\nLes categories de dades que es tracten s\u00f3n dades identificatives.<br \/>\nNo es tracten categories de dades especialment protegides.<\/p>\n<p><strong>Per quant de temps conservarem les teves dades?<\/strong><br \/>\nLes dades personals proporcionades es conservaran:<br \/>\n\u2022 Mentre es mantingui la relaci\u00f3 mercantil.<br \/>\n\u2022 Fins que no se sol\u00b7liciti la seva supressi\u00f3 per l&#8217;interessat.<br \/>\n\u2022 Per\u00edode a partir de l&#8217;\u00faltima confirmaci\u00f3 d&#8217;inter\u00e8s: 1 any.<\/p>\n<p><strong>Secret i seguretat de les dades:<\/strong><\/p>\n<p>ARTUR CANALS SANCHEZ es compromet a l&#8217;\u00fas i tractament de les dades, respectant la seva confidencialitat i a utilitzar-les d&#8217;acord amb la finalitat del mateix, aix\u00ed com a donar compliment a la seva obligaci\u00f3 de guardar i adaptar totes les mesures per evitar l&#8217;alteraci\u00f3, p\u00e8rdua, tractament o acc\u00e9s no autoritzat, de conformitat amb el que estableix la normativa vigent de protecci\u00f3 de dades.<br \/>\nLa transmissi\u00f3 de les dades entre el servidor i l&#8217;usuari web, i en retroalimentaci\u00f3, \u00e9s totalment xifrada o encriptada.<br \/>\nARTUR CANALS SANCHEZ \u00a0no pot garantir l&#8217;absoluta inexpugnabilitat de la xarxa Internet i per tant la violaci\u00f3 de les dades mitjan\u00e7ant accessos fraudulents a ells per part de tercers.<br \/>\nPel que fa a la confidencialitat del processament, ARTUR CANALS SANCHEZ s&#8217;assegurar\u00e0 que qualsevol persona que estigui autoritzada per processar les dades del client (incl\u00f2s el seu personal, col\u00b7laboradors i prestadors), ho far\u00e0 amb confidencialitat (ja sigui un deure contractual o legal).<br \/>\nQuan es presenti algun incident de seguretat, ARTUR CANALS SANCHEZ ho notificar\u00e0 a l&#8217;usuari sense demores indegudes i proporcionar\u00e0 la informaci\u00f3 oportuna relacionada amb l&#8217;incident de seguretat tal com es conegui o quan l&#8217;usuari ho sol\u00b7liciti raonablement.<\/p>\n<p><strong>Exactitud i veracitat de les dades:<\/strong><br \/>\nL&#8217;usuari, \u00e9s l&#8217;\u00fanic responsable de la veracitat i correcci\u00f3 de les dades que fa arribar-nos.<br \/>\nEls usuaris garanteixen i responen, en qualsevol cas, de l&#8217;exactitud, vig\u00e8ncia i autenticitat de les dades personals facilitades, i es comprometen a mantenir-les degudament actualitzats. L&#8217;usuari accepta proporcionar informaci\u00f3 completa i correcta en el formulari de contacte o subscripci\u00f3.<\/p>\n<p><strong>Acceptaci\u00f3 i consentiment:<\/strong><br \/>\nL&#8217;usuari declara haver estat informat de les condicions sobre protecci\u00f3 de dades de car\u00e0cter personal, acceptant i consentint el tractament dels mateixos per part del responsable del tractament en la forma i per a les finalitats indicades en aquesta pol\u00edtica de privacitat.<\/p>\n<p><strong>Revocabilitat:<\/strong><br \/>\nEl consentiment prestat, tant pel tractament com per a la cessi\u00f3 de les dades dels interessats, \u00e9s revocable en qualsevol moment comunicant-ho al responsable del tractament en els termes que estableix aquesta pol\u00edtica per a l&#8217;exercici dels drets ARCO. Aquesta revocaci\u00f3 en cap cas tindr\u00e0 car\u00e0cter retroactiu.<\/p>\n<p>Responsable del tractament: <strong>ARTUR CANALS SANCHEZ\u2013 DNI: 43405333 D &#8211; C\/ Sant Carolina, 40 \u00a0(Barcelona) \u2013 667525239 &#8211; info@gestaltvida.com<\/strong><\/p>\n","protected":false},"excerpt":{"rendered":"<p>Protecci\u00f3 de dades de car\u00e0cter personal Al navegar per aquestes p\u00e0gines, de forma autom\u00e0tica vost\u00e8 facilita al servidor de la web informaci\u00f3 relativa a la seva adre\u00e7a IP (identificador \u00fanic per a la transmissi\u00f3 de paquets entre ordinadors connectats a Internet), data i hora d\u2019acc\u00e9s, l\u2019hipervincle que li ha reenviat a aquestes, el seu sistema&#8230;<\/p>\n","protected":false},"author":3,"featured_media":0,"parent":0,"menu_order":0,"comment_status":"closed","ping_status":"closed","template":"","meta":{"footnotes":""},"_links":{"self":[{"href":"https:\/\/gestaltvida.com\/ca\/wp-json\/wp\/v2\/pages\/192"}],"collection":[{"href":"https:\/\/gestaltvida.com\/ca\/wp-json\/wp\/v2\/pages"}],"about":[{"href":"https:\/\/gestaltvida.com\/ca\/wp-json\/wp\/v2\/types\/page"}],"author":[{"embeddable":true,"href":"https:\/\/gestaltvida.com\/ca\/wp-json\/wp\/v2\/users\/3"}],"replies":[{"embeddable":true,"href":"https:\/\/gestaltvida.com\/ca\/wp-json\/wp\/v2\/comments?post=192"}],"version-history":[{"count":0,"href":"https:\/\/gestaltvida.com\/ca\/wp-json\/wp\/v2\/pages\/192\/revisions"}],"wp:attachment":[{"href":"https:\/\/gestaltvida.com\/ca\/wp-json\/wp\/v2\/media?parent=192"}],"curies":[{"name":"wp","href":"https:\/\/api.w.org\/{rel}","templated":true}]}}