{"id":1234,"date":"2016-08-09T11:32:53","date_gmt":"2016-08-09T09:32:53","guid":{"rendered":"http:\/\/gestaltvida.com\/?page_id=1234"},"modified":"2019-05-03T10:51:08","modified_gmt":"2019-05-03T08:51:08","slug":"la-terapia-ajuda-persones-amb-problemes-de","status":"publish","type":"page","link":"https:\/\/gestaltvida.com\/ca\/la-terapia-ajuda-persones-amb-problemes-de\/","title":{"rendered":"La Ter\u00e0pia ajuda persones amb problemes de:"},"content":{"rendered":"<style type=\"text\/css\"> \n#cmsmasters_row_69fb143151e48 .cmsmasters_row_outer_parent { \n\tpadding-top: 50px; \n} \n\n#cmsmasters_row_69fb143151e48 .cmsmasters_row_outer_parent { \n\tpadding-bottom: 10px; \n} \n\n \n#cmsmasters_divider_69fb143152a93 { \n\tborder-bottom-width:1px; \n\tborder-bottom-style:solid; \n\tpadding-top:10px; \n\tmargin-bottom:10px; \n} \n \n#cmsmasters_divider_69fb1431535bc { \n\tborder-bottom-width:1px; \n\tborder-bottom-style:solid; \n\tpadding-top:10px; \n\tmargin-bottom:10px; \n} \n \n#cmsmasters_divider_69fb14315407d { \n\tborder-bottom-width:1px; \n\tborder-bottom-style:solid; \n\tpadding-top:10px; \n\tmargin-bottom:10px; \n} \n \n#cmsmasters_row_69fb143154132 .cmsmasters_row_outer_parent { \n\tpadding-top: 20px; \n} \n\n#cmsmasters_row_69fb143154132 .cmsmasters_row_outer_parent { \n\tpadding-bottom: 50px; \n} \n\n \n#cmsmasters_divider_69fb143154964 { \n\tborder-bottom-width:1px; \n\tborder-bottom-style:solid; \n\tpadding-top:10px; \n\tmargin-bottom:10px; \n} \n \n#cmsmasters_divider_69fb1431551d9 { \n\tborder-bottom-width:1px; \n\tborder-bottom-style:solid; \n\tpadding-top:10px; \n\tmargin-bottom:10px; \n} \n \n#cmsmasters_divider_69fb1431553a4 { \n\tborder-bottom-width:1px; \n\tborder-bottom-style:solid; \n\tpadding-top:10px; \n\tmargin-bottom:10px; \n} \n \n#cmsmasters_divider_69fb143155c5a { \n\tborder-bottom-width:1px; \n\tborder-bottom-style:solid; \n\tpadding-top:10px; \n\tmargin-bottom:10px; \n} \n \n#cmsmasters_row_69fb143155d25 { \n\tbackground-image: url(https:\/\/gestaltvida.com\/wp-content\/uploads\/8.png); \n\tbackground-position: top center; \n\tbackground-repeat: no-repeat; \n\tbackground-attachment: scroll; \n\tbackground-size: cover; \n} \n\n#cmsmasters_row_69fb143155d25 .cmsmasters_row_outer_parent { \n\tpadding-top: 0px; \n} \n\n#cmsmasters_row_69fb143155d25 .cmsmasters_row_overlay { \n\tbackground-color:rgba(10,10,10,0.1);\n} \n\n<\/style><div id=\"cmsmasters_row_69fb143151e48\" class=\"cmsmasters_row cmsmasters_color_scheme_default cmsmasters_row_top_default cmsmasters_row_bot_default cmsmasters_row_boxed\">\n<div class=\"cmsmasters_row_outer_parent\">\n<div class=\"cmsmasters_row_outer\">\n<div class=\"cmsmasters_row_inner\">\n<div class=\"cmsmasters_row_margin\">\n<div class=\"cmsmasters_column one_third\">\n<div class=\"aligncenter\">\n<div class=\"cmsmasters_img  cmsmasters_image_c\">\n<a href=\"https:\/\/gestaltvida.com\/ca\/la-terapia-ajuda-persones-amb-problemes-de\/ansietat-i-angoixa-estres-laboral\/\"><img decoding=\"async\" src=\"\" alt=\"\" \/><\/a>\n<\/div>\n<\/div>\n\n<div id=\"cmsmasters_divider_69fb143152a93\" class=\"cmsmasters_divider cmsmasters_divider_width_long cmsmasters_divider_pos_center\"><\/div><div class=\"cmsmasters_text\">\n<p><a style=\"color: #652e4d; font-size: 26px;\" href=\"https:\/\/gestaltvida.com\/ca\/la-terapia-ajuda-persones-amb-problemes-de\/ansietat-i-angoixa-estres-laboral\/\">Ansietat i Angoixa,<br \/>\nEstr\u00e8s Laboral<\/a><br \/>\nLa Ter\u00e0pia Gestalt et facilitar\u00e0 les eines i els recursos per afrontar aquests estats i t\u2019ajudar\u00e0 a gestionar les situacions de la teva vida que t\u2019angoixen.<\/p>\n<\/div>\n<\/div>\n<div class=\"cmsmasters_column one_third\">\n<div class=\"aligncenter\">\n<div class=\"cmsmasters_img  cmsmasters_image_c\">\n<a href=\"https:\/\/gestaltvida.com\/ca\/la-terapia-ajuda-persones-amb-problemes-de\/desanim-i-baixa-autoestima-depressio\/\"><img decoding=\"async\" src=\"\" alt=\"\" \/><\/a>\n<\/div>\n<\/div>\n\n<div id=\"cmsmasters_divider_69fb1431535bc\" class=\"cmsmasters_divider cmsmasters_divider_width_long cmsmasters_divider_pos_center\"><\/div><div class=\"cmsmasters_text\">\n<p><a style=\"color: #652e4d; font-size: 26px;\" href=\"https:\/\/gestaltvida.com\/ca\/la-terapia-ajuda-persones-amb-problemes-de\/desanim-i-baixa-autoestima-depressio\/\">Des\u00e0nim i Baixa Autoestima. Depressi\u00f3<\/a><br \/>\nLa Ter\u00e0pia Gestalt t\u2019ajudar\u00e0 a recuperar el gust per sentir-te valu\u00f3s\/a i a tenir cura de tu mateix\/a.<\/p>\n<\/div>\n<\/div>\n<div class=\"cmsmasters_column one_third\">\n<div class=\"aligncenter\">\n<div class=\"cmsmasters_img  cmsmasters_image_c\">\n<a href=\"https:\/\/gestaltvida.com\/ca\/la-terapia-ajuda-persones-amb-problemes-de\/pors-i-inseguretat-obsessions-timidesa-i-por-a-parlar-en-public\/\"><img decoding=\"async\" src=\"\" alt=\"\" \/><\/a>\n<\/div>\n<\/div>\n\n<div id=\"cmsmasters_divider_69fb14315407d\" class=\"cmsmasters_divider cmsmasters_divider_width_long cmsmasters_divider_pos_center\"><\/div><div class=\"cmsmasters_text\">\n<p><a style=\"color: #652e4d; font-size: 26px;\" href=\"https:\/\/gestaltvida.com\/ca\/la-terapia-ajuda-persones-amb-problemes-de\/pors-i-inseguretat-obsessions-timidesa-i-por-a-parlar-en-public\/\">Pors i Inseguretat, Obsessions, Timidesa i Por a parlar en p\u00fablic<\/a><br \/>\nAmb la Ter\u00e0pia Gestalt recuperar\u00e0s la confian\u00e7a en tu i la seguretat de ser com ets.<\/p>\n<\/div>\n<\/div>\n<\/div>\n<\/div>\n<\/div>\n<\/div>\n<\/div>\n<div id=\"cmsmasters_row_69fb143154132\" class=\"cmsmasters_row cmsmasters_color_scheme_default cmsmasters_row_top_default cmsmasters_row_bot_default cmsmasters_row_boxed\">\n<div class=\"cmsmasters_row_outer_parent\">\n<div class=\"cmsmasters_row_outer\">\n<div class=\"cmsmasters_row_inner\">\n<div class=\"cmsmasters_row_margin\">\n<div class=\"cmsmasters_column one_third\">\n<div class=\"aligncenter\">\n<div class=\"cmsmasters_img  cmsmasters_image_c\">\n<a href=\"https:\/\/gestaltvida.com\/ca\/la-terapia-ajuda-persones-amb-problemes-de\/culpa-vergonya-enveja-rabia-desequilibri-i-conflicte-emocional\/\"><img decoding=\"async\" src=\"\" alt=\"\" \/><\/a>\n<\/div>\n<\/div>\n\n<div id=\"cmsmasters_divider_69fb143154964\" class=\"cmsmasters_divider cmsmasters_divider_width_long cmsmasters_divider_pos_center\"><\/div><div class=\"cmsmasters_text\">\n<p><a style=\"color: #652e4d; font-size: 26px;\" href=\"https:\/\/gestaltvida.com\/ca\/la-terapia-ajuda-persones-amb-problemes-de\/culpa-vergonya-enveja-rabia-desequilibri-i-conflicte-emocional\/\">Culpa, Vergonya, Enveja, R\u00e0bia. Desequilibri i Conflicte emocional<\/a><br \/>\nLa Ter\u00e0pia Gestalt t\u2019ajudar\u00e0 a gestionar les teves Emocions i a viure-les sense patiment.<\/p>\n<\/div>\n<\/div>\n<div class=\"cmsmasters_column one_third\">\n<div class=\"aligncenter\">\n<div class=\"cmsmasters_img  cmsmasters_image_c\">\n<a href=\"https:\/\/gestaltvida.com\/ca\/la-terapia-ajuda-persones-amb-problemes-de\/crisi-de-parella-terapia-de-parella\/\"><img decoding=\"async\" src=\"\" alt=\"\" \/><\/a>\n<\/div>\n<\/div>\n\n<div id=\"cmsmasters_divider_69fb1431551d9\" class=\"cmsmasters_divider cmsmasters_divider_width_long cmsmasters_divider_pos_center\"><\/div><div class=\"cmsmasters_text\">\n<p><a style=\"color: #652e4d; font-size: 26px;\" href=\"https:\/\/gestaltvida.com\/ca\/la-terapia-ajuda-persones-amb-problemes-de\/crisi-de-parella-terapia-de-parella\/\">Crisi de parella.<br \/>\nTer\u00e0pia de parella<\/a><br \/>\nLa Ter\u00e0pia facilita la comunicaci\u00f3 honesta i aut\u00e8ntica de la parella, convidant-la a deixar de manipular-se m\u00fatuament.<\/p>\n<\/div>\n\n<div id=\"cmsmasters_divider_69fb1431553a4\" class=\"cmsmasters_divider cmsmasters_divider_width_long cmsmasters_divider_pos_center\"><\/div>\n<\/div>\n<div class=\"cmsmasters_column one_third\">\n<div class=\"aligncenter\">\n<div class=\"cmsmasters_img  cmsmasters_image_c\">\n<a href=\"https:\/\/gestaltvida.com\/ca\/la-terapia-ajuda-persones-amb-problemes-de\/infelicitat-fracas-desorientacio-vital-buit-existencial\/\"><img decoding=\"async\" src=\"https:\/\/gestaltvida.com\/wp-content\/uploads\/JCosialls_3195-580x390.jpg\" alt=\"\" \/><\/a>\n<\/div>\n<\/div>\n\n<div id=\"cmsmasters_divider_69fb143155c5a\" class=\"cmsmasters_divider cmsmasters_divider_width_long cmsmasters_divider_pos_center\"><\/div><div class=\"cmsmasters_text\">\n<p><a style=\"color: #652e4d; font-size: 26px;\" href=\"https:\/\/gestaltvida.com\/ca\/la-terapia-ajuda-persones-amb-problemes-de\/infelicitat-fracas-desorientacio-vital-buit-existencial\/\">Infelicitat, Frac\u00e0s,<br \/>\nDesorientaci\u00f3 vital.<br \/>\nBuit existencial<\/a><br \/>\nQuan la vida ens fa mal La Ter\u00e0pia Gestalt alivia el patiment i ens ajuda a trobar el seu sentit.<\/p>\n<\/div>\n<\/div>\n<\/div>\n<\/div>\n<\/div>\n<\/div>\n<\/div>\n\n<div id=\"cmsmasters_row_69fb143155d25\" class=\"cmsmasters_row cmsmasters_color_scheme_first cmsmasters_row_top_default cmsmasters_row_bot_default cmsmasters_row_fullwidth\">\n<div class=\"cmsmasters_row_outer_parent\">\n<div class=\"cmsmasters_row_overlay\"><\/div>\n<div class=\"cmsmasters_row_outer\">\n<div class=\"cmsmasters_row_inner cmsmasters_row_fullwidth\">\n<div class=\"cmsmasters_row_margin\">\n<div class=\"cmsmasters_column one_first\">\n<div class=\"cmsmasters_text\">\n<div style=\"padding: 200px 0 100px 0; text-align: center;\"><a style=\"text-align: center; padding: 10px; color: #ffffff; background: #ff9900; font-size: 24px; font-weight: bold;\" href=\"https:\/\/gestaltvida.com\/contacte\/\">Contacta amb Artur Canals S\u00e1nchez<\/a><\/div>\n<\/div>\n<\/div>\n<\/div>\n<\/div>\n<\/div>\n<\/div>\n<\/div>\n\n","protected":false},"excerpt":{"rendered":"","protected":false},"author":3,"featured_media":0,"parent":0,"menu_order":0,"comment_status":"closed","ping_status":"closed","template":"","meta":{"footnotes":""},"_links":{"self":[{"href":"https:\/\/gestaltvida.com\/ca\/wp-json\/wp\/v2\/pages\/1234"}],"collection":[{"href":"https:\/\/gestaltvida.com\/ca\/wp-json\/wp\/v2\/pages"}],"about":[{"href":"https:\/\/gestaltvida.com\/ca\/wp-json\/wp\/v2\/types\/page"}],"author":[{"embeddable":true,"href":"https:\/\/gestaltvida.com\/ca\/wp-json\/wp\/v2\/users\/3"}],"replies":[{"embeddable":true,"href":"https:\/\/gestaltvida.com\/ca\/wp-json\/wp\/v2\/comments?post=1234"}],"version-history":[{"count":0,"href":"https:\/\/gestaltvida.com\/ca\/wp-json\/wp\/v2\/pages\/1234\/revisions"}],"wp:attachment":[{"href":"https:\/\/gestaltvida.com\/ca\/wp-json\/wp\/v2\/media?parent=1234"}],"curies":[{"name":"wp","href":"https:\/\/api.w.org\/{rel}","templated":true}]}}